{"id":703,"date":"2018-09-26T08:49:00","date_gmt":"2018-09-26T08:49:00","guid":{"rendered":"http:\/\/biomedikgroup.com\/?page_id=703"},"modified":"2020-11-24T00:43:08","modified_gmt":"2020-11-24T00:43:08","slug":"contacto","status":"publish","type":"page","link":"https:\/\/biomedikgroup.com\/en\/contacto\/","title":{"rendered":"Contacto"},"content":{"rendered":"\t\t<div data-elementor-type=\"wp-post\" data-elementor-id=\"703\" class=\"elementor elementor-703\">\n\t\t\t\t\t\t<section class=\"elementor-section elementor-top-section elementor-element elementor-element-3fb3279 elementor-section-boxed elementor-section-height-default elementor-section-height-default\" data-id=\"3fb3279\" data-element_type=\"section\" data-settings=\"{&quot;background_background&quot;:&quot;classic&quot;}\">\n\t\t\t\t\t\t\t<div class=\"elementor-background-overlay\"><\/div>\n\t\t\t\t\t\t\t<div class=\"elementor-container elementor-column-gap-default\">\n\t\t\t\t\t<div class=\"elementor-column elementor-col-100 elementor-top-column elementor-element elementor-element-1853c44\" data-id=\"1853c44\" data-element_type=\"column\">\n\t\t\t<div class=\"elementor-widget-wrap elementor-element-populated\">\n\t\t\t\t\t\t<div class=\"elementor-element elementor-element-11027e2 elementor-widget elementor-widget-heading\" data-id=\"11027e2\" data-element_type=\"widget\" data-widget_type=\"heading.default\">\n\t\t\t\t<div class=\"elementor-widget-container\">\n\t\t\t\t\t<h2 class=\"elementor-heading-title elementor-size-default\">M\u00e1s Informaci\u00f3n<\/h2>\t\t\t\t<\/div>\n\t\t\t\t<\/div>\n\t\t\t\t<div class=\"elementor-element elementor-element-520bac6 elementor-widget elementor-widget-heading\" data-id=\"520bac6\" data-element_type=\"widget\" data-widget_type=\"heading.default\">\n\t\t\t\t<div class=\"elementor-widget-container\">\n\t\t\t\t\t<h1 class=\"elementor-heading-title elementor-size-default\"> (574) 3885208 - 3017511642 - 3017511614<\/h1>\t\t\t\t<\/div>\n\t\t\t\t<\/div>\n\t\t\t\t<div class=\"elementor-element elementor-element-1d88e56 elementor-widget elementor-widget-image\" data-id=\"1d88e56\" data-element_type=\"widget\" data-widget_type=\"image.default\">\n\t\t\t\t<div class=\"elementor-widget-container\">\n\t\t\t\t\t\t\t\t\t\t\t\t\t\t\t<img decoding=\"async\" width=\"250\" height=\"27\" src=\"https:\/\/biomedikgroup.com\/wp-content\/uploads\/2020\/11\/frill-free-img.png\" class=\"attachment-large size-large wp-image-787\" alt=\"\" srcset=\"https:\/\/biomedikgroup.com\/wp-content\/uploads\/2020\/11\/frill-free-img.png 250w, https:\/\/biomedikgroup.com\/wp-content\/uploads\/2020\/11\/frill-free-img-16x2.png 16w\" sizes=\"(max-width: 250px) 100vw, 250px\" \/>\t\t\t\t\t\t\t\t\t\t\t\t\t\t\t<\/div>\n\t\t\t\t<\/div>\n\t\t\t\t\t<\/div>\n\t\t<\/div>\n\t\t\t\t\t<\/div>\n\t\t<\/section>\n\t\t\t\t<section class=\"elementor-section elementor-top-section elementor-element elementor-element-3163a15 elementor-section-boxed elementor-section-height-default elementor-section-height-default\" data-id=\"3163a15\" data-element_type=\"section\">\n\t\t\t\t\t\t<div class=\"elementor-container elementor-column-gap-default\">\n\t\t\t\t\t<div class=\"elementor-column elementor-col-50 elementor-top-column elementor-element elementor-element-8f649f0\" data-id=\"8f649f0\" data-element_type=\"column\">\n\t\t\t<div class=\"elementor-widget-wrap elementor-element-populated\">\n\t\t\t\t\t\t<div class=\"elementor-element elementor-element-be08c1d elementor-widget elementor-widget-google_maps\" data-id=\"be08c1d\" data-element_type=\"widget\" data-widget_type=\"google_maps.default\">\n\t\t\t\t<div class=\"elementor-widget-container\">\n\t\t\t\t\t\t\t<div class=\"elementor-custom-embed\">\n\t\t\t<iframe loading=\"lazy\"\n\t\t\t\t\tsrc=\"https:\/\/maps.google.com\/maps?q=Medellin&#038;t=m&#038;z=16&#038;output=embed&#038;iwloc=near\"\n\t\t\t\t\ttitle=\"Medellin\"\n\t\t\t\t\taria-label=\"Medellin\"\n\t\t\t><\/iframe>\n\t\t<\/div>\n\t\t\t\t\t\t<\/div>\n\t\t\t\t<\/div>\n\t\t\t\t\t<\/div>\n\t\t<\/div>\n\t\t\t\t<div class=\"elementor-column elementor-col-50 elementor-top-column elementor-element elementor-element-3cce2a7\" data-id=\"3cce2a7\" data-element_type=\"column\" data-settings=\"{&quot;background_background&quot;:&quot;classic&quot;}\">\n\t\t\t<div class=\"elementor-widget-wrap\">\n\t\t\t\t\t<div class=\"elementor-background-overlay\"><\/div>\n\t\t\t\t\t\t\t<\/div>\n\t\t<\/div>\n\t\t\t\t\t<\/div>\n\t\t<\/section>\n\t\t\t\t<section class=\"elementor-section elementor-top-section elementor-element elementor-element-612dee9 elementor-section-content-middle elementor-section-boxed elementor-section-height-default elementor-section-height-default\" data-id=\"612dee9\" data-element_type=\"section\" data-settings=\"{&quot;background_background&quot;:&quot;classic&quot;,&quot;shape_divider_top&quot;:&quot;mountains&quot;}\">\n\t\t\t\t\t\t\t<div class=\"elementor-background-overlay\"><\/div>\n\t\t\t\t\t\t<div class=\"elementor-shape elementor-shape-top\" data-negative=\"false\">\n\t\t\t<svg xmlns=\"http:\/\/www.w3.org\/2000\/svg\" viewBox=\"0 0 1000 100\" preserveAspectRatio=\"none\">\n\t<path class=\"elementor-shape-fill\" opacity=\"0.33\" d=\"M473,67.3c-203.9,88.3-263.1-34-320.3,0C66,119.1,0,59.7,0,59.7V0h1000v59.7 c0,0-62.1,26.1-94.9,29.3c-32.8,3.3-62.8-12.3-75.8-22.1C806,49.6,745.3,8.7,694.9,4.7S492.4,59,473,67.3z\"\/>\n\t<path class=\"elementor-shape-fill\" opacity=\"0.66\" d=\"M734,67.3c-45.5,0-77.2-23.2-129.1-39.1c-28.6-8.7-150.3-10.1-254,39.1 s-91.7-34.4-149.2,0C115.7,118.3,0,39.8,0,39.8V0h1000v36.5c0,0-28.2-18.5-92.1-18.5C810.2,18.1,775.7,67.3,734,67.3z\"\/>\n\t<path class=\"elementor-shape-fill\" d=\"M766.1,28.9c-200-57.5-266,65.5-395.1,19.5C242,1.8,242,5.4,184.8,20.6C128,35.8,132.3,44.9,89.9,52.5C28.6,63.7,0,0,0,0 h1000c0,0-9.9,40.9-83.6,48.1S829.6,47,766.1,28.9z\"\/>\n<\/svg>\t\t<\/div>\n\t\t\t\t\t<div class=\"elementor-container elementor-column-gap-extended\">\n\t\t\t\t\t<div class=\"elementor-column elementor-col-50 elementor-top-column elementor-element elementor-element-772fdb4\" data-id=\"772fdb4\" data-element_type=\"column\">\n\t\t\t<div class=\"elementor-widget-wrap elementor-element-populated\">\n\t\t\t\t\t\t<div class=\"elementor-element elementor-element-c6b2abe elementor-vertical-align-top elementor-widget elementor-widget-icon-box\" data-id=\"c6b2abe\" data-element_type=\"widget\" data-widget_type=\"icon-box.default\">\n\t\t\t\t<div class=\"elementor-widget-container\">\n\t\t\t\t\t\t\t<div class=\"elementor-icon-box-wrapper\">\n\n\t\t\t\n\t\t\t\t\t\t<div class=\"elementor-icon-box-content\">\n\n\t\t\t\t\t\t\t\t\t<h3 class=\"elementor-icon-box-title\">\n\t\t\t\t\t\t<span  >\n\t\t\t\t\t\t\tNuestra Sede\t\t\t\t\t\t<\/span>\n\t\t\t\t\t<\/h3>\n\t\t\t\t\n\t\t\t\t\n\t\t\t<\/div>\n\t\t\t\n\t\t<\/div>\n\t\t\t\t\t\t<\/div>\n\t\t\t\t<\/div>\n\t\t\t\t<div class=\"elementor-element elementor-element-8154b69 elementor-position-left elementor-vertical-align-middle elementor-view-default elementor-mobile-position-top elementor-widget elementor-widget-icon-box\" data-id=\"8154b69\" data-element_type=\"widget\" data-widget_type=\"icon-box.default\">\n\t\t\t\t<div class=\"elementor-widget-container\">\n\t\t\t\t\t\t\t<div class=\"elementor-icon-box-wrapper\">\n\n\t\t\t\t\t\t<div class=\"elementor-icon-box-icon\">\n\t\t\t\t<span  class=\"elementor-icon\">\n\t\t\t\t<i aria-hidden=\"true\" class=\"fas fa-map-marker-alt\"><\/i>\t\t\t\t<\/span>\n\t\t\t<\/div>\n\t\t\t\n\t\t\t\t\t\t<div class=\"elementor-icon-box-content\">\n\n\t\t\t\t\t\t\t\t\t<h4 class=\"elementor-icon-box-title\">\n\t\t\t\t\t\t<span  >\n\t\t\t\t\t\t\tMedell\u00edn\t\t\t\t\t\t<\/span>\n\t\t\t\t\t<\/h4>\n\t\t\t\t\n\t\t\t\t\n\t\t\t<\/div>\n\t\t\t\n\t\t<\/div>\n\t\t\t\t\t\t<\/div>\n\t\t\t\t<\/div>\n\t\t\t\t<section class=\"elementor-section elementor-inner-section elementor-element elementor-element-b572b78 elementor-section-boxed elementor-section-height-default elementor-section-height-default\" data-id=\"b572b78\" data-element_type=\"section\">\n\t\t\t\t\t\t<div class=\"elementor-container elementor-column-gap-default\">\n\t\t\t\t\t<div class=\"elementor-column elementor-col-100 elementor-inner-column elementor-element elementor-element-b7d1224\" data-id=\"b7d1224\" data-element_type=\"column\" data-settings=\"{&quot;background_background&quot;:&quot;classic&quot;}\">\n\t\t\t<div class=\"elementor-widget-wrap elementor-element-populated\">\n\t\t\t\t\t\t<div class=\"elementor-element elementor-element-b674b87 elementor-widget elementor-widget-image\" data-id=\"b674b87\" data-element_type=\"widget\" data-widget_type=\"image.default\">\n\t\t\t\t<div class=\"elementor-widget-container\">\n\t\t\t\t\t\t\t\t\t\t\t\t\t\t\t<img decoding=\"async\" width=\"250\" height=\"27\" src=\"https:\/\/biomedikgroup.com\/wp-content\/uploads\/2020\/11\/divider-free-img.png\" class=\"attachment-large size-large wp-image-790\" alt=\"\" srcset=\"https:\/\/biomedikgroup.com\/wp-content\/uploads\/2020\/11\/divider-free-img.png 250w, https:\/\/biomedikgroup.com\/wp-content\/uploads\/2020\/11\/divider-free-img-16x2.png 16w\" sizes=\"(max-width: 250px) 100vw, 250px\" \/>\t\t\t\t\t\t\t\t\t\t\t\t\t\t\t<\/div>\n\t\t\t\t<\/div>\n\t\t\t\t<div class=\"elementor-element elementor-element-dbf1d07 elementor-widget elementor-widget-heading\" data-id=\"dbf1d07\" data-element_type=\"widget\" data-widget_type=\"heading.default\">\n\t\t\t\t<div class=\"elementor-widget-container\">\n\t\t\t\t\t<h3 class=\"elementor-heading-title elementor-size-default\">Mayor Informaci\u00f3n<\/h3>\t\t\t\t<\/div>\n\t\t\t\t<\/div>\n\t\t\t\t<div class=\"elementor-element elementor-element-18f9a30 elementor-widget elementor-widget-heading\" data-id=\"18f9a30\" data-element_type=\"widget\" data-widget_type=\"heading.default\">\n\t\t\t\t<div class=\"elementor-widget-container\">\n\t\t\t\t\t<h5 class=\"elementor-heading-title elementor-size-default\">info@biomedik.co<\/h5>\t\t\t\t<\/div>\n\t\t\t\t<\/div>\n\t\t\t\t\t<\/div>\n\t\t<\/div>\n\t\t\t\t\t<\/div>\n\t\t<\/section>\n\t\t\t\t\t<\/div>\n\t\t<\/div>\n\t\t\t\t<div class=\"elementor-column elementor-col-50 elementor-top-column elementor-element elementor-element-73970d7\" data-id=\"73970d7\" data-element_type=\"column\" data-settings=\"{&quot;background_background&quot;:&quot;classic&quot;}\">\n\t\t\t<div class=\"elementor-widget-wrap elementor-element-populated\">\n\t\t\t\t\t\t<div class=\"elementor-element elementor-element-498f698 elementor-widget elementor-widget-shortcode\" data-id=\"498f698\" data-element_type=\"widget\" data-widget_type=\"shortcode.default\">\n\t\t\t\t<div class=\"elementor-widget-container\">\n\t\t\t\t\t\t\t<div class=\"elementor-shortcode\"><div class=\"wpforms-container \" id=\"wpforms-5\"><form id=\"wpforms-form-5\" class=\"wpforms-validate wpforms-form wpforms-ajax-form\" data-formid=\"5\" method=\"post\" enctype=\"multipart\/form-data\" action=\"\/en\/wp-json\/wp\/v2\/pages\/703\" data-token=\"fccebc4bf635eebba6f60162000733e1\" data-token-time=\"1777898606\"><noscript class=\"wpforms-error-noscript\">Please enable JavaScript in your browser to complete this form.<\/noscript><div class=\"wpforms-field-container\"><div id=\"wpforms-5-field_6-container\" class=\"wpforms-field wpforms-field-text\" data-field-id=\"6\"><label class=\"wpforms-field-label\" for=\"wpforms-5-field_6\">Escribe el nombre del producto<\/label><input type=\"text\" id=\"wpforms-5-field_6\" class=\"wpforms-field-large\" name=\"wpforms[fields][6]\" ><\/div><div id=\"wpforms-5-field_0-container\" class=\"wpforms-field wpforms-field-name\" data-field-id=\"0\"><label class=\"wpforms-field-label wpforms-label-hide\" for=\"wpforms-5-field_0\">Your Name  <span class=\"wpforms-required-label\">*<\/span><\/label><input type=\"text\" id=\"wpforms-5-field_0\" class=\"wpforms-field-large wpforms-field-required\" name=\"wpforms[fields][0]\" placeholder=\"Nombre completo\" required><\/div><div id=\"wpforms-5-field_1-container\" class=\"wpforms-field wpforms-field-email\" data-field-id=\"1\"><label class=\"wpforms-field-label wpforms-label-hide\" for=\"wpforms-5-field_1\">Email <span class=\"wpforms-required-label\">*<\/span><\/label><input type=\"email\" id=\"wpforms-5-field_1\" class=\"wpforms-field-large wpforms-field-required\" name=\"wpforms[fields][1]\" placeholder=\"Email\" spellcheck=\"false\" required><\/div><div id=\"wpforms-5-field_5-container\" class=\"wpforms-field wpforms-field-number\" data-field-id=\"5\"><label class=\"wpforms-field-label wpforms-label-hide\" for=\"wpforms-5-field_5\">Numbers<\/label><input type=\"number\" id=\"wpforms-5-field_5\" class=\"wpforms-field-large\" name=\"wpforms[fields][5]\" placeholder=\"Celular\" step=\"any\" ><\/div><div id=\"wpforms-5-field_2-container\" class=\"wpforms-field wpforms-field-textarea\" data-field-id=\"2\"><label class=\"wpforms-field-label wpforms-label-hide\" for=\"wpforms-5-field_2\">Your Message <span class=\"wpforms-required-label\">*<\/span><\/label><textarea id=\"wpforms-5-field_2\" class=\"wpforms-field-medium wpforms-field-required\" name=\"wpforms[fields][2]\" placeholder=\"Mensaje\" required><\/textarea><\/div><\/div><!-- .wpforms-field-container --><div class=\"wpforms-field wpforms-field-hp\"><label for=\"wpforms-5-field-hp\" class=\"wpforms-field-label\">Message<\/label><input type=\"text\" name=\"wpforms[hp]\" id=\"wpforms-5-field-hp\" class=\"wpforms-field-medium\"><\/div><div class=\"wpforms-submit-container\" ><input type=\"hidden\" name=\"wpforms[id]\" value=\"5\"><input type=\"hidden\" name=\"page_title\" value=\"\"><input type=\"hidden\" name=\"page_url\" value=\"https:\/\/biomedikgroup.com\/en\/wp-json\/wp\/v2\/pages\/703\"><input type=\"hidden\" name=\"url_referer\" value=\"\"><button type=\"submit\" name=\"wpforms[submit]\" id=\"wpforms-submit-5\" class=\"wpforms-submit\" data-alt-text=\"Enviando...\" data-submit-text=\"Enviar\" aria-live=\"assertive\" value=\"wpforms-submit\">Enviar<\/button><img decoding=\"async\" src=\"https:\/\/biomedikgroup.com\/wp-content\/plugins\/wpforms-lite\/assets\/images\/submit-spin.svg\" class=\"wpforms-submit-spinner\" style=\"display: none;\" width=\"26\" height=\"26\" alt=\"Loading\"><\/div><\/form><\/div>  <!-- .wpforms-container --><\/div>\n\t\t\t\t\t\t<\/div>\n\t\t\t\t<\/div>\n\t\t\t\t\t<\/div>\n\t\t<\/div>\n\t\t\t\t\t<\/div>\n\t\t<\/section>\n\t\t\t\t<\/div>\n\t\t","protected":false},"excerpt":{"rendered":"<p>M\u00e1s Informaci\u00f3n (574) 3885208 &#8211; 3017511642 &#8211; 3017511614 Nuestra Sede Medell\u00edn Mayor Informaci\u00f3n info@biomedik.co<\/p>","protected":false},"author":1,"featured_media":0,"parent":0,"menu_order":0,"comment_status":"closed","ping_status":"closed","template":"","meta":{"site-sidebar-layout":"no-sidebar","site-content-layout":"page-builder","ast-site-content-layout":"default","site-content-style":"default","site-sidebar-style":"default","ast-global-header-display":"","ast-banner-title-visibility":"","ast-main-header-display":"","ast-hfb-above-header-display":"","ast-hfb-below-header-display":"","ast-hfb-mobile-header-display":"","site-post-title":"disabled","ast-breadcrumbs-content":"","ast-featured-img":"disabled","footer-sml-layout":"","ast-disable-related-posts":"","theme-transparent-header-meta":"default","adv-header-id-meta":"","stick-header-meta":"","header-above-stick-meta":"","header-main-stick-meta":"","header-below-stick-meta":"","astra-migrate-meta-layouts":"default","ast-page-background-enabled":"default","ast-page-background-meta":{"desktop":{"background-color":"","background-image":"","background-repeat":"repeat","background-position":"center center","background-size":"auto","background-attachment":"scroll","background-type":"","background-media":"","overlay-type":"","overlay-color":"","overlay-opacity":"","overlay-gradient":""},"tablet":{"background-color":"","background-image":"","background-repeat":"repeat","background-position":"center center","background-size":"auto","background-attachment":"scroll","background-type":"","background-media":"","overlay-type":"","overlay-color":"","overlay-opacity":"","overlay-gradient":""},"mobile":{"background-color":"","background-image":"","background-repeat":"repeat","background-position":"center center","background-size":"auto","background-attachment":"scroll","background-type":"","background-media":"","overlay-type":"","overlay-color":"","overlay-opacity":"","overlay-gradient":""}},"ast-content-background-meta":{"desktop":{"background-color":"var(--ast-global-color-5)","background-image":"","background-repeat":"repeat","background-position":"center center","background-size":"auto","background-attachment":"scroll","background-type":"","background-media":"","overlay-type":"","overlay-color":"","overlay-opacity":"","overlay-gradient":""},"tablet":{"background-color":"var(--ast-global-color-5)","background-image":"","background-repeat":"repeat","background-position":"center center","background-size":"auto","background-attachment":"scroll","background-type":"","background-media":"","overlay-type":"","overlay-color":"","overlay-opacity":"","overlay-gradient":""},"mobile":{"background-color":"var(--ast-global-color-5)","background-image":"","background-repeat":"repeat","background-position":"center center","background-size":"auto","background-attachment":"scroll","background-type":"","background-media":"","overlay-type":"","overlay-color":"","overlay-opacity":"","overlay-gradient":""}},"footnotes":"","_joinchat":[]},"yoast_head":"<!-- This site is optimized with the Yoast SEO plugin v23.5 - https:\/\/yoast.com\/wordpress\/plugins\/seo\/ -->\n<title>Contacto - Biomedik Group<\/title>\n<meta name=\"robots\" content=\"index, follow, max-snippet:-1, max-image-preview:large, max-video-preview:-1\" \/>\n<link rel=\"canonical\" href=\"https:\/\/biomedikgroup.com\/en\/contacto\/\" \/>\n<meta property=\"og:locale\" content=\"en_US\" \/>\n<meta property=\"og:type\" content=\"article\" \/>\n<meta property=\"og:title\" content=\"Contacto - Biomedik Group\" \/>\n<meta property=\"og:description\" content=\"M\u00e1s Informaci\u00f3n (574) 3885208 &#8211; 3017511642 &#8211; 3017511614 Nuestra Sede Medell\u00edn Mayor Informaci\u00f3n info@biomedik.co\" \/>\n<meta property=\"og:url\" content=\"https:\/\/biomedikgroup.com\/en\/contacto\/\" \/>\n<meta property=\"og:site_name\" content=\"Biomedik Group\" \/>\n<meta property=\"article:publisher\" content=\"https:\/\/www.facebook.com\/BiomedikGroup\" \/>\n<meta property=\"article:modified_time\" content=\"2020-11-24T00:43:08+00:00\" \/>\n<meta property=\"og:image\" content=\"https:\/\/biomedikgroup.com\/wp-content\/uploads\/2020\/11\/frill-free-img.png\" \/>\n<meta name=\"twitter:card\" content=\"summary_large_image\" \/>\n<script type=\"application\/ld+json\" class=\"yoast-schema-graph\">{\"@context\":\"https:\/\/schema.org\",\"@graph\":[{\"@type\":\"WebPage\",\"@id\":\"https:\/\/biomedikgroup.com\/contacto\/\",\"url\":\"https:\/\/biomedikgroup.com\/contacto\/\",\"name\":\"Contacto - Biomedik Group\",\"isPartOf\":{\"@id\":\"https:\/\/biomedikgroup.com\/#website\"},\"primaryImageOfPage\":{\"@id\":\"https:\/\/biomedikgroup.com\/contacto\/#primaryimage\"},\"image\":{\"@id\":\"https:\/\/biomedikgroup.com\/contacto\/#primaryimage\"},\"thumbnailUrl\":\"https:\/\/biomedikgroup.com\/wp-content\/uploads\/2020\/11\/frill-free-img.png\",\"datePublished\":\"2018-09-26T08:49:00+00:00\",\"dateModified\":\"2020-11-24T00:43:08+00:00\",\"breadcrumb\":{\"@id\":\"https:\/\/biomedikgroup.com\/contacto\/#breadcrumb\"},\"inLanguage\":\"en-US\",\"potentialAction\":[{\"@type\":\"ReadAction\",\"target\":[\"https:\/\/biomedikgroup.com\/contacto\/\"]}]},{\"@type\":\"ImageObject\",\"inLanguage\":\"en-US\",\"@id\":\"https:\/\/biomedikgroup.com\/contacto\/#primaryimage\",\"url\":\"https:\/\/biomedikgroup.com\/wp-content\/uploads\/2020\/11\/frill-free-img.png\",\"contentUrl\":\"https:\/\/biomedikgroup.com\/wp-content\/uploads\/2020\/11\/frill-free-img.png\"},{\"@type\":\"BreadcrumbList\",\"@id\":\"https:\/\/biomedikgroup.com\/contacto\/#breadcrumb\",\"itemListElement\":[{\"@type\":\"ListItem\",\"position\":1,\"name\":\"Portada\",\"item\":\"https:\/\/biomedikgroup.com\/\"},{\"@type\":\"ListItem\",\"position\":2,\"name\":\"Contacto\"}]},{\"@type\":\"WebSite\",\"@id\":\"https:\/\/biomedikgroup.com\/#website\",\"url\":\"https:\/\/biomedikgroup.com\/\",\"name\":\"Biomedik Group\",\"description\":\"Biomedik Group\",\"publisher\":{\"@id\":\"https:\/\/biomedikgroup.com\/#organization\"},\"potentialAction\":[{\"@type\":\"SearchAction\",\"target\":{\"@type\":\"EntryPoint\",\"urlTemplate\":\"https:\/\/biomedikgroup.com\/?s={search_term_string}\"},\"query-input\":{\"@type\":\"PropertyValueSpecification\",\"valueRequired\":true,\"valueName\":\"search_term_string\"}}],\"inLanguage\":\"en-US\"},{\"@type\":\"Organization\",\"@id\":\"https:\/\/biomedikgroup.com\/#organization\",\"name\":\"Biomedik\",\"url\":\"https:\/\/biomedikgroup.com\/\",\"logo\":{\"@type\":\"ImageObject\",\"inLanguage\":\"en-US\",\"@id\":\"https:\/\/biomedikgroup.com\/#\/schema\/logo\/image\/\",\"url\":\"https:\/\/biomedikgroup.com\/wp-content\/uploads\/2021\/03\/Biomedik-logo-azul-scaled.jpg\",\"contentUrl\":\"https:\/\/biomedikgroup.com\/wp-content\/uploads\/2021\/03\/Biomedik-logo-azul-scaled.jpg\",\"width\":2560,\"height\":872,\"caption\":\"Biomedik\"},\"image\":{\"@id\":\"https:\/\/biomedikgroup.com\/#\/schema\/logo\/image\/\"},\"sameAs\":[\"https:\/\/www.facebook.com\/BiomedikGroup\",\"https:\/\/www.instagram.com\/biomedikgroup\/?hl=es\",\"https:\/\/www.youtube.com\/channel\/UCc8q_4JUqxzCVlHqmbyUUSg\"]}]}<\/script>\n<!-- \/ Yoast SEO plugin. -->","yoast_head_json":{"title":"Contacto - Biomedik Group","robots":{"index":"index","follow":"follow","max-snippet":"max-snippet:-1","max-image-preview":"max-image-preview:large","max-video-preview":"max-video-preview:-1"},"canonical":"https:\/\/biomedikgroup.com\/en\/contacto\/","og_locale":"en_US","og_type":"article","og_title":"Contacto - Biomedik Group","og_description":"M\u00e1s Informaci\u00f3n (574) 3885208 &#8211; 3017511642 &#8211; 3017511614 Nuestra Sede Medell\u00edn Mayor Informaci\u00f3n info@biomedik.co","og_url":"https:\/\/biomedikgroup.com\/en\/contacto\/","og_site_name":"Biomedik Group","article_publisher":"https:\/\/www.facebook.com\/BiomedikGroup","article_modified_time":"2020-11-24T00:43:08+00:00","og_image":[{"url":"https:\/\/biomedikgroup.com\/wp-content\/uploads\/2020\/11\/frill-free-img.png"}],"twitter_card":"summary_large_image","schema":{"@context":"https:\/\/schema.org","@graph":[{"@type":"WebPage","@id":"https:\/\/biomedikgroup.com\/contacto\/","url":"https:\/\/biomedikgroup.com\/contacto\/","name":"Contacto - Biomedik Group","isPartOf":{"@id":"https:\/\/biomedikgroup.com\/#website"},"primaryImageOfPage":{"@id":"https:\/\/biomedikgroup.com\/contacto\/#primaryimage"},"image":{"@id":"https:\/\/biomedikgroup.com\/contacto\/#primaryimage"},"thumbnailUrl":"https:\/\/biomedikgroup.com\/wp-content\/uploads\/2020\/11\/frill-free-img.png","datePublished":"2018-09-26T08:49:00+00:00","dateModified":"2020-11-24T00:43:08+00:00","breadcrumb":{"@id":"https:\/\/biomedikgroup.com\/contacto\/#breadcrumb"},"inLanguage":"en-US","potentialAction":[{"@type":"ReadAction","target":["https:\/\/biomedikgroup.com\/contacto\/"]}]},{"@type":"ImageObject","inLanguage":"en-US","@id":"https:\/\/biomedikgroup.com\/contacto\/#primaryimage","url":"https:\/\/biomedikgroup.com\/wp-content\/uploads\/2020\/11\/frill-free-img.png","contentUrl":"https:\/\/biomedikgroup.com\/wp-content\/uploads\/2020\/11\/frill-free-img.png"},{"@type":"BreadcrumbList","@id":"https:\/\/biomedikgroup.com\/contacto\/#breadcrumb","itemListElement":[{"@type":"ListItem","position":1,"name":"Portada","item":"https:\/\/biomedikgroup.com\/"},{"@type":"ListItem","position":2,"name":"Contacto"}]},{"@type":"WebSite","@id":"https:\/\/biomedikgroup.com\/#website","url":"https:\/\/biomedikgroup.com\/","name":"Biomedik Group","description":"Biomedik Group","publisher":{"@id":"https:\/\/biomedikgroup.com\/#organization"},"potentialAction":[{"@type":"SearchAction","target":{"@type":"EntryPoint","urlTemplate":"https:\/\/biomedikgroup.com\/?s={search_term_string}"},"query-input":{"@type":"PropertyValueSpecification","valueRequired":true,"valueName":"search_term_string"}}],"inLanguage":"en-US"},{"@type":"Organization","@id":"https:\/\/biomedikgroup.com\/#organization","name":"Biomedik","url":"https:\/\/biomedikgroup.com\/","logo":{"@type":"ImageObject","inLanguage":"en-US","@id":"https:\/\/biomedikgroup.com\/#\/schema\/logo\/image\/","url":"https:\/\/biomedikgroup.com\/wp-content\/uploads\/2021\/03\/Biomedik-logo-azul-scaled.jpg","contentUrl":"https:\/\/biomedikgroup.com\/wp-content\/uploads\/2021\/03\/Biomedik-logo-azul-scaled.jpg","width":2560,"height":872,"caption":"Biomedik"},"image":{"@id":"https:\/\/biomedikgroup.com\/#\/schema\/logo\/image\/"},"sameAs":["https:\/\/www.facebook.com\/BiomedikGroup","https:\/\/www.instagram.com\/biomedikgroup\/?hl=es","https:\/\/www.youtube.com\/channel\/UCc8q_4JUqxzCVlHqmbyUUSg"]}]}},"_links":{"self":[{"href":"https:\/\/biomedikgroup.com\/en\/wp-json\/wp\/v2\/pages\/703"}],"collection":[{"href":"https:\/\/biomedikgroup.com\/en\/wp-json\/wp\/v2\/pages"}],"about":[{"href":"https:\/\/biomedikgroup.com\/en\/wp-json\/wp\/v2\/types\/page"}],"author":[{"embeddable":true,"href":"https:\/\/biomedikgroup.com\/en\/wp-json\/wp\/v2\/users\/1"}],"replies":[{"embeddable":true,"href":"https:\/\/biomedikgroup.com\/en\/wp-json\/wp\/v2\/comments?post=703"}],"version-history":[{"count":10,"href":"https:\/\/biomedikgroup.com\/en\/wp-json\/wp\/v2\/pages\/703\/revisions"}],"predecessor-version":[{"id":3694,"href":"https:\/\/biomedikgroup.com\/en\/wp-json\/wp\/v2\/pages\/703\/revisions\/3694"}],"wp:attachment":[{"href":"https:\/\/biomedikgroup.com\/en\/wp-json\/wp\/v2\/media?parent=703"}],"curies":[{"name":"wp","href":"https:\/\/api.w.org\/{rel}","templated":true}]}}