{"id":3919,"date":"2020-12-02T02:24:05","date_gmt":"2020-12-02T02:24:05","guid":{"rendered":"https:\/\/biomedikgroup.com\/?post_type=product&#038;p=3919"},"modified":"2020-12-02T02:41:26","modified_gmt":"2020-12-02T02:41:26","slug":"coolwave","status":"publish","type":"product","link":"https:\/\/biomedikgroup.com\/en\/product\/coolwave\/","title":{"rendered":"COOLWAVE"},"content":{"rendered":"<div class=\"elementor-element elementor-element-bcecbee elementor-position-top elementor-vertical-align-top elementor-widget elementor-widget-image-box\" data-id=\"bcecbee\" data-element_type=\"widget\" data-widget_type=\"image-box.default\">\n<div class=\"elementor-widget-container\">\n<div class=\"elementor-image-box-wrapper\">\n<p><span style=\"font-size: 1.5em; font-weight: bold;\">ONDAS DE CHOQUE<\/span><\/p>\n<div class=\"elementor-image-box-content\">\n<p class=\"elementor-image-box-description\">Las ondas de choque es un tratamiento que rejuvenece al instante los tejidos da\u00f1ados por el envejecimiento, a trav\u00e9s de ondas ac\u00fasticas, pulsos de sonido muy fuertes no concentrados, que inducen vibraciones en el interior del cuerpo generando flexibilidad en las capas de la piel que la hab\u00edan perdido. Es uno de los tratamientos m\u00e1s efectivos para combatir la celulitis, la flacidez, la apariencia de estr\u00edas y cicatrices y rejuvenecimiento de la piel. Sus resultados son inmediatamente visibles y contin\u00faan mejorando la flexibilidad de la piel a largo plazo. Es recomendable seguir una serie de recomendaciones durante el tratamiento como beber mucha agua para la eliminaci\u00f3n de toxinas y grasa, mantener una dieta equilibrada y ejercicio regular.<\/p>\n<\/div>\n<\/div>\n<\/div>\n<\/div>\n<div class=\"elementor-element elementor-element-33940d8 elementor-position-top elementor-vertical-align-top elementor-widget elementor-widget-image-box\" data-id=\"33940d8\" data-element_type=\"widget\" data-widget_type=\"image-box.default\">\n<div class=\"elementor-widget-container\">\n<div class=\"elementor-image-box-wrapper\">\n<div class=\"elementor-image-box-content\">\n<h3 class=\"elementor-image-box-title\">CRIOLIP\u00d3LISIS<\/h3>\n<p class=\"elementor-image-box-description\">La criolip\u00f3lisis es una t\u00e9cnica que elimina las c\u00e9lulas adiposas mediante el enfriamiento local selectivo con aplicaci\u00f3n superficial. Se trabaja con un aplicador de vac\u00edo ajustable que act\u00faa encapsulando en su interior el tejido graso de forma selectiva y disminuyendo de forma controlada su temperatura, produciendo as\u00ed la apoptosis de las c\u00e9lulas grasas. Se requiere de la evaluaci\u00f3n inicial del m\u00e9dico para estudiar y diagnosticar qu\u00e9 zona se puede tratar con criolip\u00f3lisis para obtener los mejores resultados. Se coloca la membrana de Coolgel en la zona a tratar, despu\u00e9s se sit\u00faa la copa de tratamiento y se aplica el fr\u00edo local controlado.<\/p>\n<p>Una vez pasado el tiempo indicado se retira el aplicador y se realiza un masaje y la eliminaci\u00f3n de las c\u00e9lulas grasas se da mediante mecanismos fisiol\u00f3gicos, los resultados son progresivos.<\/p>\n<\/div>\n<\/div>\n<\/div>\n<\/div>","protected":false},"excerpt":{"rendered":"<p><img fetchpriority=\"high\" decoding=\"async\" class=\"alignnone size-medium wp-image-3921 alignleft\" src=\"https:\/\/biomedikgroup.com\/wp-content\/uploads\/2020\/12\/logocoolwave-e1606876615974-300x176.jpg\" alt=\"\" width=\"300\" height=\"176\" srcset=\"https:\/\/biomedikgroup.com\/wp-content\/uploads\/2020\/12\/logocoolwave-e1606876615974-300x176.jpg 300w, https:\/\/biomedikgroup.com\/wp-content\/uploads\/2020\/12\/logocoolwave-e1606876615974-600x352.jpg 600w, https:\/\/biomedikgroup.com\/wp-content\/uploads\/2020\/12\/logocoolwave-e1606876615974-1024x601.jpg 1024w, https:\/\/biomedikgroup.com\/wp-content\/uploads\/2020\/12\/logocoolwave-e1606876615974-768x451.jpg 768w, https:\/\/biomedikgroup.com\/wp-content\/uploads\/2020\/12\/logocoolwave-e1606876615974-16x9.jpg 16w, https:\/\/biomedikgroup.com\/wp-content\/uploads\/2020\/12\/logocoolwave-e1606876615974.jpg 1512w\" sizes=\"(max-width: 300px) 100vw, 300px\" \/><\/p>\n<p>&nbsp;<\/p>\n<div class=\"elementor-element elementor-element-bcecbee elementor-position-top elementor-vertical-align-top elementor-widget elementor-widget-image-box\" data-id=\"bcecbee\" data-element_type=\"widget\" data-widget_type=\"image-box.default\">\n<div class=\"elementor-widget-container\">\n<p>&nbsp;<\/p>\n<div class=\"elementor-image-box-wrapper\">\n<p>&nbsp;<\/p>\n<p>&nbsp;<\/p>\n<p>&nbsp;<\/p>\n<p style=\"text-align: left;\">Presentamos el \u00faltimo avance para reducir la grasa no deseada y la celulitis: COOL WAVE. Se trata de un dispositivo m\u00e9dico no invasivo de \u00faltima generaci\u00f3n y altamente efectivo, ya que combina las dos t\u00e9cnicas m\u00e1s novedosas y con mejores resultados en reducci\u00f3n de la grasa localizada y la celulitis: La Criolip\u00f3lisis y las Ondas de choque. Con la crioliporeducci\u00f3n se consigue la cristalizaci\u00f3n y disoluci\u00f3n gradual del tejido adiposo. La utilizaci\u00f3n de ondas de choque provoca la ruptura de los tabiques fibr\u00f3ticos de la celulitis y simult\u00e1neamente, ayuda a degradar el adipocito, acelerando as\u00ed el resultado, sin que esto suponga ning\u00fan da\u00f1o para los tejidos colindantes, mucho menos sensibles a la acci\u00f3n del fr\u00edo. INDICACIONES: La crioliporeducci\u00f3n es un tratamiento indoloro indicado para reducir la grasa localizada y la celulitis, adecuado tanto para hombres como mujeres siempre que no padezcan obesidad.<\/p>\n<\/div>\n<\/div>\n<\/div>","protected":false},"featured_media":3776,"template":"","meta":{"site-sidebar-layout":"default","site-content-layout":"default","ast-site-content-layout":"default","site-content-style":"default","site-sidebar-style":"default","ast-global-header-display":"","ast-banner-title-visibility":"","ast-main-header-display":"","ast-hfb-above-header-display":"","ast-hfb-below-header-display":"","ast-hfb-mobile-header-display":"","site-post-title":"","ast-breadcrumbs-content":"","ast-featured-img":"","footer-sml-layout":"","ast-disable-related-posts":"","theme-transparent-header-meta":"default","adv-header-id-meta":"","stick-header-meta":"","header-above-stick-meta":"","header-main-stick-meta":"","header-below-stick-meta":"","astra-migrate-meta-layouts":"default","ast-page-background-enabled":"default","ast-page-background-meta":{"desktop":{"background-color":"","background-image":"","background-repeat":"repeat","background-position":"center center","background-size":"auto","background-attachment":"scroll","background-type":"","background-media":"","overlay-type":"","overlay-color":"","overlay-opacity":"","overlay-gradient":""},"tablet":{"background-color":"","background-image":"","background-repeat":"repeat","background-position":"center center","background-size":"auto","background-attachment":"scroll","background-type":"","background-media":"","overlay-type":"","overlay-color":"","overlay-opacity":"","overlay-gradient":""},"mobile":{"background-color":"","background-image":"","background-repeat":"repeat","background-position":"center center","background-size":"auto","background-attachment":"scroll","background-type":"","background-media":"","overlay-type":"","overlay-color":"","overlay-opacity":"","overlay-gradient":""}},"ast-content-background-meta":{"desktop":{"background-color":"var(--ast-global-color-5)","background-image":"","background-repeat":"repeat","background-position":"center center","background-size":"auto","background-attachment":"scroll","background-type":"","background-media":"","overlay-type":"","overlay-color":"","overlay-opacity":"","overlay-gradient":""},"tablet":{"background-color":"var(--ast-global-color-5)","background-image":"","background-repeat":"repeat","background-position":"center center","background-size":"auto","background-attachment":"scroll","background-type":"","background-media":"","overlay-type":"","overlay-color":"","overlay-opacity":"","overlay-gradient":""},"mobile":{"background-color":"var(--ast-global-color-5)","background-image":"","background-repeat":"repeat","background-position":"center center","background-size":"auto","background-attachment":"scroll","background-type":"","background-media":"","overlay-type":"","overlay-color":"","overlay-opacity":"","overlay-gradient":""}},"_joinchat":[]},"product_cat":[20],"product_tag":[],"yoast_head":"<!-- This site is optimized with the Yoast SEO plugin v23.5 - https:\/\/yoast.com\/wordpress\/plugins\/seo\/ -->\n<title>COOLWAVE - Biomedik Group<\/title>\n<meta name=\"robots\" content=\"index, follow, max-snippet:-1, max-image-preview:large, max-video-preview:-1\" \/>\n<link rel=\"canonical\" href=\"https:\/\/biomedikgroup.com\/en\/product\/coolwave\/\" \/>\n<meta property=\"og:locale\" content=\"en_US\" \/>\n<meta property=\"og:type\" content=\"article\" \/>\n<meta property=\"og:title\" content=\"COOLWAVE - Biomedik Group\" \/>\n<meta property=\"og:description\" content=\"&nbsp;    &nbsp;   &nbsp;  &nbsp;  &nbsp; Presentamos el \u00faltimo avance para reducir la grasa no deseada y la celulitis: COOL WAVE. Se trata de un dispositivo m\u00e9dico no invasivo de \u00faltima generaci\u00f3n y altamente efectivo, ya que combina las dos t\u00e9cnicas m\u00e1s novedosas y con mejores resultados en reducci\u00f3n de la grasa localizada y la celulitis: La Criolip\u00f3lisis y las Ondas de choque. Con la crioliporeducci\u00f3n se consigue la cristalizaci\u00f3n y disoluci\u00f3n gradual del tejido adiposo. La utilizaci\u00f3n de ondas de choque provoca la ruptura de los tabiques fibr\u00f3ticos de la celulitis y simult\u00e1neamente, ayuda a degradar el adipocito, acelerando as\u00ed el resultado, sin que esto suponga ning\u00fan da\u00f1o para los tejidos colindantes, mucho menos sensibles a la acci\u00f3n del fr\u00edo. INDICACIONES: La crioliporeducci\u00f3n es un tratamiento indoloro indicado para reducir la grasa localizada y la celulitis, adecuado tanto para hombres como mujeres siempre que no padezcan obesidad.\" \/>\n<meta property=\"og:url\" content=\"https:\/\/biomedikgroup.com\/en\/product\/coolwave\/\" \/>\n<meta property=\"og:site_name\" content=\"Biomedik Group\" \/>\n<meta property=\"article:publisher\" content=\"https:\/\/www.facebook.com\/BiomedikGroup\" \/>\n<meta property=\"article:modified_time\" content=\"2020-12-02T02:41:26+00:00\" \/>\n<meta property=\"og:image\" content=\"https:\/\/biomedikgroup.com\/wp-content\/uploads\/2020\/11\/Coolwave_completo.jpg\" \/>\n\t<meta property=\"og:image:width\" content=\"1052\" \/>\n\t<meta property=\"og:image:height\" content=\"547\" \/>\n\t<meta property=\"og:image:type\" content=\"image\/jpeg\" \/>\n<meta name=\"twitter:card\" content=\"summary_large_image\" \/>\n<meta name=\"twitter:label1\" content=\"Est. reading time\" \/>\n\t<meta name=\"twitter:data1\" content=\"1 minute\" \/>\n<script type=\"application\/ld+json\" class=\"yoast-schema-graph\">{\"@context\":\"https:\/\/schema.org\",\"@graph\":[{\"@type\":\"WebPage\",\"@id\":\"https:\/\/biomedikgroup.com\/producto\/coolwave\/\",\"url\":\"https:\/\/biomedikgroup.com\/producto\/coolwave\/\",\"name\":\"COOLWAVE - Biomedik Group\",\"isPartOf\":{\"@id\":\"https:\/\/biomedikgroup.com\/#website\"},\"primaryImageOfPage\":{\"@id\":\"https:\/\/biomedikgroup.com\/producto\/coolwave\/#primaryimage\"},\"image\":{\"@id\":\"https:\/\/biomedikgroup.com\/producto\/coolwave\/#primaryimage\"},\"thumbnailUrl\":\"https:\/\/biomedikgroup.com\/wp-content\/uploads\/2020\/11\/Coolwave_completo.jpg\",\"datePublished\":\"2020-12-02T02:24:05+00:00\",\"dateModified\":\"2020-12-02T02:41:26+00:00\",\"breadcrumb\":{\"@id\":\"https:\/\/biomedikgroup.com\/producto\/coolwave\/#breadcrumb\"},\"inLanguage\":\"en-US\",\"potentialAction\":[{\"@type\":\"ReadAction\",\"target\":[\"https:\/\/biomedikgroup.com\/producto\/coolwave\/\"]}]},{\"@type\":\"ImageObject\",\"inLanguage\":\"en-US\",\"@id\":\"https:\/\/biomedikgroup.com\/producto\/coolwave\/#primaryimage\",\"url\":\"https:\/\/biomedikgroup.com\/wp-content\/uploads\/2020\/11\/Coolwave_completo.jpg\",\"contentUrl\":\"https:\/\/biomedikgroup.com\/wp-content\/uploads\/2020\/11\/Coolwave_completo.jpg\",\"width\":1052,\"height\":547},{\"@type\":\"BreadcrumbList\",\"@id\":\"https:\/\/biomedikgroup.com\/producto\/coolwave\/#breadcrumb\",\"itemListElement\":[{\"@type\":\"ListItem\",\"position\":1,\"name\":\"Portada\",\"item\":\"https:\/\/biomedikgroup.com\/\"},{\"@type\":\"ListItem\",\"position\":2,\"name\":\"Products\",\"item\":\"https:\/\/biomedikgroup.com\/en\/shop\/\"},{\"@type\":\"ListItem\",\"position\":3,\"name\":\"COOLWAVE\"}]},{\"@type\":\"WebSite\",\"@id\":\"https:\/\/biomedikgroup.com\/#website\",\"url\":\"https:\/\/biomedikgroup.com\/\",\"name\":\"Biomedik Group\",\"description\":\"Biomedik Group\",\"publisher\":{\"@id\":\"https:\/\/biomedikgroup.com\/#organization\"},\"potentialAction\":[{\"@type\":\"SearchAction\",\"target\":{\"@type\":\"EntryPoint\",\"urlTemplate\":\"https:\/\/biomedikgroup.com\/?s={search_term_string}\"},\"query-input\":{\"@type\":\"PropertyValueSpecification\",\"valueRequired\":true,\"valueName\":\"search_term_string\"}}],\"inLanguage\":\"en-US\"},{\"@type\":\"Organization\",\"@id\":\"https:\/\/biomedikgroup.com\/#organization\",\"name\":\"Biomedik\",\"url\":\"https:\/\/biomedikgroup.com\/\",\"logo\":{\"@type\":\"ImageObject\",\"inLanguage\":\"en-US\",\"@id\":\"https:\/\/biomedikgroup.com\/#\/schema\/logo\/image\/\",\"url\":\"https:\/\/biomedikgroup.com\/wp-content\/uploads\/2021\/03\/Biomedik-logo-azul-scaled.jpg\",\"contentUrl\":\"https:\/\/biomedikgroup.com\/wp-content\/uploads\/2021\/03\/Biomedik-logo-azul-scaled.jpg\",\"width\":2560,\"height\":872,\"caption\":\"Biomedik\"},\"image\":{\"@id\":\"https:\/\/biomedikgroup.com\/#\/schema\/logo\/image\/\"},\"sameAs\":[\"https:\/\/www.facebook.com\/BiomedikGroup\",\"https:\/\/www.instagram.com\/biomedikgroup\/?hl=es\",\"https:\/\/www.youtube.com\/channel\/UCc8q_4JUqxzCVlHqmbyUUSg\"]}]}<\/script>\n<!-- \/ Yoast SEO plugin. -->","yoast_head_json":{"title":"COOLWAVE - Biomedik Group","robots":{"index":"index","follow":"follow","max-snippet":"max-snippet:-1","max-image-preview":"max-image-preview:large","max-video-preview":"max-video-preview:-1"},"canonical":"https:\/\/biomedikgroup.com\/en\/product\/coolwave\/","og_locale":"en_US","og_type":"article","og_title":"COOLWAVE - Biomedik Group","og_description":"&nbsp;    &nbsp;   &nbsp;  &nbsp;  &nbsp; Presentamos el \u00faltimo avance para reducir la grasa no deseada y la celulitis: COOL WAVE. Se trata de un dispositivo m\u00e9dico no invasivo de \u00faltima generaci\u00f3n y altamente efectivo, ya que combina las dos t\u00e9cnicas m\u00e1s novedosas y con mejores resultados en reducci\u00f3n de la grasa localizada y la celulitis: La Criolip\u00f3lisis y las Ondas de choque. Con la crioliporeducci\u00f3n se consigue la cristalizaci\u00f3n y disoluci\u00f3n gradual del tejido adiposo. La utilizaci\u00f3n de ondas de choque provoca la ruptura de los tabiques fibr\u00f3ticos de la celulitis y simult\u00e1neamente, ayuda a degradar el adipocito, acelerando as\u00ed el resultado, sin que esto suponga ning\u00fan da\u00f1o para los tejidos colindantes, mucho menos sensibles a la acci\u00f3n del fr\u00edo. INDICACIONES: La crioliporeducci\u00f3n es un tratamiento indoloro indicado para reducir la grasa localizada y la celulitis, adecuado tanto para hombres como mujeres siempre que no padezcan obesidad.","og_url":"https:\/\/biomedikgroup.com\/en\/product\/coolwave\/","og_site_name":"Biomedik Group","article_publisher":"https:\/\/www.facebook.com\/BiomedikGroup","article_modified_time":"2020-12-02T02:41:26+00:00","og_image":[{"width":1052,"height":547,"url":"https:\/\/biomedikgroup.com\/wp-content\/uploads\/2020\/11\/Coolwave_completo.jpg","type":"image\/jpeg"}],"twitter_card":"summary_large_image","twitter_misc":{"Est. reading time":"1 minute"},"schema":{"@context":"https:\/\/schema.org","@graph":[{"@type":"WebPage","@id":"https:\/\/biomedikgroup.com\/producto\/coolwave\/","url":"https:\/\/biomedikgroup.com\/producto\/coolwave\/","name":"COOLWAVE - Biomedik Group","isPartOf":{"@id":"https:\/\/biomedikgroup.com\/#website"},"primaryImageOfPage":{"@id":"https:\/\/biomedikgroup.com\/producto\/coolwave\/#primaryimage"},"image":{"@id":"https:\/\/biomedikgroup.com\/producto\/coolwave\/#primaryimage"},"thumbnailUrl":"https:\/\/biomedikgroup.com\/wp-content\/uploads\/2020\/11\/Coolwave_completo.jpg","datePublished":"2020-12-02T02:24:05+00:00","dateModified":"2020-12-02T02:41:26+00:00","breadcrumb":{"@id":"https:\/\/biomedikgroup.com\/producto\/coolwave\/#breadcrumb"},"inLanguage":"en-US","potentialAction":[{"@type":"ReadAction","target":["https:\/\/biomedikgroup.com\/producto\/coolwave\/"]}]},{"@type":"ImageObject","inLanguage":"en-US","@id":"https:\/\/biomedikgroup.com\/producto\/coolwave\/#primaryimage","url":"https:\/\/biomedikgroup.com\/wp-content\/uploads\/2020\/11\/Coolwave_completo.jpg","contentUrl":"https:\/\/biomedikgroup.com\/wp-content\/uploads\/2020\/11\/Coolwave_completo.jpg","width":1052,"height":547},{"@type":"BreadcrumbList","@id":"https:\/\/biomedikgroup.com\/producto\/coolwave\/#breadcrumb","itemListElement":[{"@type":"ListItem","position":1,"name":"Portada","item":"https:\/\/biomedikgroup.com\/"},{"@type":"ListItem","position":2,"name":"Products","item":"https:\/\/biomedikgroup.com\/en\/shop\/"},{"@type":"ListItem","position":3,"name":"COOLWAVE"}]},{"@type":"WebSite","@id":"https:\/\/biomedikgroup.com\/#website","url":"https:\/\/biomedikgroup.com\/","name":"Biomedik Group","description":"Biomedik Group","publisher":{"@id":"https:\/\/biomedikgroup.com\/#organization"},"potentialAction":[{"@type":"SearchAction","target":{"@type":"EntryPoint","urlTemplate":"https:\/\/biomedikgroup.com\/?s={search_term_string}"},"query-input":{"@type":"PropertyValueSpecification","valueRequired":true,"valueName":"search_term_string"}}],"inLanguage":"en-US"},{"@type":"Organization","@id":"https:\/\/biomedikgroup.com\/#organization","name":"Biomedik","url":"https:\/\/biomedikgroup.com\/","logo":{"@type":"ImageObject","inLanguage":"en-US","@id":"https:\/\/biomedikgroup.com\/#\/schema\/logo\/image\/","url":"https:\/\/biomedikgroup.com\/wp-content\/uploads\/2021\/03\/Biomedik-logo-azul-scaled.jpg","contentUrl":"https:\/\/biomedikgroup.com\/wp-content\/uploads\/2021\/03\/Biomedik-logo-azul-scaled.jpg","width":2560,"height":872,"caption":"Biomedik"},"image":{"@id":"https:\/\/biomedikgroup.com\/#\/schema\/logo\/image\/"},"sameAs":["https:\/\/www.facebook.com\/BiomedikGroup","https:\/\/www.instagram.com\/biomedikgroup\/?hl=es","https:\/\/www.youtube.com\/channel\/UCc8q_4JUqxzCVlHqmbyUUSg"]}]}},"_links":{"self":[{"href":"https:\/\/biomedikgroup.com\/en\/wp-json\/wp\/v2\/product\/3919"}],"collection":[{"href":"https:\/\/biomedikgroup.com\/en\/wp-json\/wp\/v2\/product"}],"about":[{"href":"https:\/\/biomedikgroup.com\/en\/wp-json\/wp\/v2\/types\/product"}],"wp:featuredmedia":[{"embeddable":true,"href":"https:\/\/biomedikgroup.com\/en\/wp-json\/wp\/v2\/media\/3776"}],"wp:attachment":[{"href":"https:\/\/biomedikgroup.com\/en\/wp-json\/wp\/v2\/media?parent=3919"}],"wp:term":[{"taxonomy":"product_cat","embeddable":true,"href":"https:\/\/biomedikgroup.com\/en\/wp-json\/wp\/v2\/product_cat?post=3919"},{"taxonomy":"product_tag","embeddable":true,"href":"https:\/\/biomedikgroup.com\/en\/wp-json\/wp\/v2\/product_tag?post=3919"}],"curies":[{"name":"wp","href":"https:\/\/api.w.org\/{rel}","templated":true}]}}