{"id":4227,"date":"2021-05-11T03:40:47","date_gmt":"2021-05-11T03:40:47","guid":{"rendered":"https:\/\/biomedikgroup.com\/?post_type=product&#038;p=4227"},"modified":"2021-05-14T02:32:02","modified_gmt":"2021-05-14T02:32:02","slug":"microdermoabrasion","status":"publish","type":"product","link":"https:\/\/biomedikgroup.com\/en\/product\/microdermoabrasion\/","title":{"rendered":"Microdermoabrasi\u00f3n"},"content":{"rendered":"","protected":false},"excerpt":{"rendered":"<p>Equipo de Microdermoabrasi\u00f3n con puntas de diamante para el cuidado facial, ideal para tratamiento dermatol\u00f3gicos y est\u00e9ticos por medio de una exfoliaci\u00f3n controlada y no invasiva. Act\u00faa sobre los estratos mas superficiales de la piel ayudando a eliminar c\u00e9lulas muertas y peque\u00f1as l\u00edneas de expresi\u00f3n as\u00ed como otras imperfecciones de la piel.<\/p>\n<p>\u00bfCu\u00e1les son los efectos?<br \/>\n&#8211; Acelera la regeneraci\u00f3n celular.<br \/>\n&#8211; Estimula la producci\u00f3n de col\u00e1geno y elastina.<br \/>\n&#8211; Mejora la elasticidad de la piel.<br \/>\n&#8211; Reduce la apariencia de arrugas.<br \/>\n&#8211; Elimina cicatrices de acn\u00e9.<br \/>\n&#8211; Elimina las espinillas.<br \/>\n&#8211; Reduce el tama\u00f1o de los poros.<br \/>\n&#8211; Prepara la piel para la aplicaci\u00f3n de principios activos.<\/p>\n<p>\u00bfPara qu\u00e9 est\u00e1 indicada?<br \/>\n&#8211; Acn\u00e9<br \/>\n&#8211; Da\u00f1os provocados por exposici\u00f3n solar<br \/>\n&#8211; Manchas cut\u00e1neas<br \/>\n&#8211; Peque\u00f1as cicatrices<br \/>\n&#8211; Finas arrugas de expresi\u00f3n<br \/>\n&#8211; Queratosis<br \/>\n&#8211; Poros abiertos<br \/>\n&#8211; Granos no inflamados<br \/>\n&#8211; Imperfecciones de la piel<br \/>\n&#8211; Manchas por efecto de la edad<br \/>\n&#8211; Pieles grasas<br \/>\n&#8211; Pigmentaci\u00f3n<\/p>","protected":false},"featured_media":4231,"template":"","meta":{"site-sidebar-layout":"default","site-content-layout":"default","ast-site-content-layout":"default","site-content-style":"default","site-sidebar-style":"default","ast-global-header-display":"","ast-banner-title-visibility":"","ast-main-header-display":"","ast-hfb-above-header-display":"","ast-hfb-below-header-display":"","ast-hfb-mobile-header-display":"","site-post-title":"","ast-breadcrumbs-content":"","ast-featured-img":"","footer-sml-layout":"","ast-disable-related-posts":"","theme-transparent-header-meta":"default","adv-header-id-meta":"","stick-header-meta":"","header-above-stick-meta":"","header-main-stick-meta":"","header-below-stick-meta":"","astra-migrate-meta-layouts":"default","ast-page-background-enabled":"default","ast-page-background-meta":{"desktop":{"background-color":"","background-image":"","background-repeat":"repeat","background-position":"center center","background-size":"auto","background-attachment":"scroll","background-type":"","background-media":"","overlay-type":"","overlay-color":"","overlay-opacity":"","overlay-gradient":""},"tablet":{"background-color":"","background-image":"","background-repeat":"repeat","background-position":"center center","background-size":"auto","background-attachment":"scroll","background-type":"","background-media":"","overlay-type":"","overlay-color":"","overlay-opacity":"","overlay-gradient":""},"mobile":{"background-color":"","background-image":"","background-repeat":"repeat","background-position":"center center","background-size":"auto","background-attachment":"scroll","background-type":"","background-media":"","overlay-type":"","overlay-color":"","overlay-opacity":"","overlay-gradient":""}},"ast-content-background-meta":{"desktop":{"background-color":"var(--ast-global-color-5)","background-image":"","background-repeat":"repeat","background-position":"center center","background-size":"auto","background-attachment":"scroll","background-type":"","background-media":"","overlay-type":"","overlay-color":"","overlay-opacity":"","overlay-gradient":""},"tablet":{"background-color":"var(--ast-global-color-5)","background-image":"","background-repeat":"repeat","background-position":"center center","background-size":"auto","background-attachment":"scroll","background-type":"","background-media":"","overlay-type":"","overlay-color":"","overlay-opacity":"","overlay-gradient":""},"mobile":{"background-color":"var(--ast-global-color-5)","background-image":"","background-repeat":"repeat","background-position":"center center","background-size":"auto","background-attachment":"scroll","background-type":"","background-media":"","overlay-type":"","overlay-color":"","overlay-opacity":"","overlay-gradient":""}},"_joinchat":[]},"product_cat":[23],"product_tag":[],"yoast_head":"<!-- This site is optimized with the Yoast SEO plugin v23.5 - https:\/\/yoast.com\/wordpress\/plugins\/seo\/ -->\n<title>Equipo de Microdermoabrasi\u00f3n con puntas de diamante<\/title>\n<meta name=\"description\" content=\"Equipo de Microdermoabrasi\u00f3n con puntas de diamante para el cuidado facial, ideal para tratamiento dermatol\u00f3gicos y est\u00e9ticos.\" \/>\n<meta name=\"robots\" content=\"index, follow, max-snippet:-1, max-image-preview:large, max-video-preview:-1\" \/>\n<link rel=\"canonical\" href=\"https:\/\/biomedikgroup.com\/en\/product\/microdermoabrasion\/\" \/>\n<meta property=\"og:locale\" content=\"en_US\" \/>\n<meta property=\"og:type\" content=\"article\" \/>\n<meta property=\"og:title\" content=\"Equipo de Microdermoabrasi\u00f3n con puntas de diamante\" \/>\n<meta property=\"og:description\" content=\"Equipo de Microdermoabrasi\u00f3n con puntas de diamante para el cuidado facial, ideal para tratamiento dermatol\u00f3gicos y est\u00e9ticos.\" \/>\n<meta property=\"og:url\" content=\"https:\/\/biomedikgroup.com\/en\/product\/microdermoabrasion\/\" \/>\n<meta property=\"og:site_name\" content=\"Biomedik Group\" \/>\n<meta property=\"article:publisher\" content=\"https:\/\/www.facebook.com\/BiomedikGroup\" \/>\n<meta property=\"article:modified_time\" content=\"2021-05-14T02:32:02+00:00\" \/>\n<meta property=\"og:image\" content=\"https:\/\/biomedikgroup.com\/wp-content\/uploads\/2021\/05\/Equipo-de-Microdermoabrasion-con-puntas-de-diamante-F-834-1.jpg\" \/>\n\t<meta property=\"og:image:width\" content=\"1153\" \/>\n\t<meta property=\"og:image:height\" content=\"877\" \/>\n\t<meta property=\"og:image:type\" content=\"image\/jpeg\" \/>\n<meta name=\"twitter:card\" content=\"summary_large_image\" \/>\n<script type=\"application\/ld+json\" class=\"yoast-schema-graph\">{\"@context\":\"https:\/\/schema.org\",\"@graph\":[{\"@type\":\"WebPage\",\"@id\":\"https:\/\/biomedikgroup.com\/en\/product\/microdermoabrasion\/\",\"url\":\"https:\/\/biomedikgroup.com\/en\/product\/microdermoabrasion\/\",\"name\":\"Equipo de Microdermoabrasi\u00f3n con puntas de diamante\",\"isPartOf\":{\"@id\":\"https:\/\/biomedikgroup.com\/#website\"},\"primaryImageOfPage\":{\"@id\":\"https:\/\/biomedikgroup.com\/en\/product\/microdermoabrasion\/#primaryimage\"},\"image\":{\"@id\":\"https:\/\/biomedikgroup.com\/en\/product\/microdermoabrasion\/#primaryimage\"},\"thumbnailUrl\":\"https:\/\/biomedikgroup.com\/wp-content\/uploads\/2021\/05\/Equipo-de-Microdermoabrasion-con-puntas-de-diamante-F-834-1.jpg\",\"datePublished\":\"2021-05-11T03:40:47+00:00\",\"dateModified\":\"2021-05-14T02:32:02+00:00\",\"description\":\"Equipo de Microdermoabrasi\u00f3n con puntas de diamante para el cuidado facial, ideal para tratamiento dermatol\u00f3gicos y est\u00e9ticos.\",\"breadcrumb\":{\"@id\":\"https:\/\/biomedikgroup.com\/en\/product\/microdermoabrasion\/#breadcrumb\"},\"inLanguage\":\"en-US\",\"potentialAction\":[{\"@type\":\"ReadAction\",\"target\":[\"https:\/\/biomedikgroup.com\/en\/product\/microdermoabrasion\/\"]}]},{\"@type\":\"ImageObject\",\"inLanguage\":\"en-US\",\"@id\":\"https:\/\/biomedikgroup.com\/en\/product\/microdermoabrasion\/#primaryimage\",\"url\":\"https:\/\/biomedikgroup.com\/wp-content\/uploads\/2021\/05\/Equipo-de-Microdermoabrasion-con-puntas-de-diamante-F-834-1.jpg\",\"contentUrl\":\"https:\/\/biomedikgroup.com\/wp-content\/uploads\/2021\/05\/Equipo-de-Microdermoabrasion-con-puntas-de-diamante-F-834-1.jpg\",\"width\":1153,\"height\":877},{\"@type\":\"BreadcrumbList\",\"@id\":\"https:\/\/biomedikgroup.com\/en\/product\/microdermoabrasion\/#breadcrumb\",\"itemListElement\":[{\"@type\":\"ListItem\",\"position\":1,\"name\":\"Portada\",\"item\":\"https:\/\/biomedikgroup.com\/\"},{\"@type\":\"ListItem\",\"position\":2,\"name\":\"Products\",\"item\":\"https:\/\/biomedikgroup.com\/en\/shop\/\"},{\"@type\":\"ListItem\",\"position\":3,\"name\":\"Microdermoabrasi\u00f3n\"}]},{\"@type\":\"WebSite\",\"@id\":\"https:\/\/biomedikgroup.com\/#website\",\"url\":\"https:\/\/biomedikgroup.com\/\",\"name\":\"Biomedik Group\",\"description\":\"Biomedik Group\",\"publisher\":{\"@id\":\"https:\/\/biomedikgroup.com\/#organization\"},\"potentialAction\":[{\"@type\":\"SearchAction\",\"target\":{\"@type\":\"EntryPoint\",\"urlTemplate\":\"https:\/\/biomedikgroup.com\/?s={search_term_string}\"},\"query-input\":{\"@type\":\"PropertyValueSpecification\",\"valueRequired\":true,\"valueName\":\"search_term_string\"}}],\"inLanguage\":\"en-US\"},{\"@type\":\"Organization\",\"@id\":\"https:\/\/biomedikgroup.com\/#organization\",\"name\":\"Biomedik\",\"url\":\"https:\/\/biomedikgroup.com\/\",\"logo\":{\"@type\":\"ImageObject\",\"inLanguage\":\"en-US\",\"@id\":\"https:\/\/biomedikgroup.com\/#\/schema\/logo\/image\/\",\"url\":\"https:\/\/biomedikgroup.com\/wp-content\/uploads\/2021\/03\/Biomedik-logo-azul-scaled.jpg\",\"contentUrl\":\"https:\/\/biomedikgroup.com\/wp-content\/uploads\/2021\/03\/Biomedik-logo-azul-scaled.jpg\",\"width\":2560,\"height\":872,\"caption\":\"Biomedik\"},\"image\":{\"@id\":\"https:\/\/biomedikgroup.com\/#\/schema\/logo\/image\/\"},\"sameAs\":[\"https:\/\/www.facebook.com\/BiomedikGroup\",\"https:\/\/www.instagram.com\/biomedikgroup\/?hl=es\",\"https:\/\/www.youtube.com\/channel\/UCc8q_4JUqxzCVlHqmbyUUSg\"]}]}<\/script>\n<!-- \/ Yoast SEO plugin. -->","yoast_head_json":{"title":"Equipo de Microdermoabrasi\u00f3n con puntas de diamante","description":"Equipo de Microdermoabrasi\u00f3n con puntas de diamante para el cuidado facial, ideal para tratamiento dermatol\u00f3gicos y est\u00e9ticos.","robots":{"index":"index","follow":"follow","max-snippet":"max-snippet:-1","max-image-preview":"max-image-preview:large","max-video-preview":"max-video-preview:-1"},"canonical":"https:\/\/biomedikgroup.com\/en\/product\/microdermoabrasion\/","og_locale":"en_US","og_type":"article","og_title":"Equipo de Microdermoabrasi\u00f3n con puntas de diamante","og_description":"Equipo de Microdermoabrasi\u00f3n con puntas de diamante para el cuidado facial, ideal para tratamiento dermatol\u00f3gicos y est\u00e9ticos.","og_url":"https:\/\/biomedikgroup.com\/en\/product\/microdermoabrasion\/","og_site_name":"Biomedik Group","article_publisher":"https:\/\/www.facebook.com\/BiomedikGroup","article_modified_time":"2021-05-14T02:32:02+00:00","og_image":[{"width":1153,"height":877,"url":"https:\/\/biomedikgroup.com\/wp-content\/uploads\/2021\/05\/Equipo-de-Microdermoabrasion-con-puntas-de-diamante-F-834-1.jpg","type":"image\/jpeg"}],"twitter_card":"summary_large_image","schema":{"@context":"https:\/\/schema.org","@graph":[{"@type":"WebPage","@id":"https:\/\/biomedikgroup.com\/en\/product\/microdermoabrasion\/","url":"https:\/\/biomedikgroup.com\/en\/product\/microdermoabrasion\/","name":"Equipo de Microdermoabrasi\u00f3n con puntas de diamante","isPartOf":{"@id":"https:\/\/biomedikgroup.com\/#website"},"primaryImageOfPage":{"@id":"https:\/\/biomedikgroup.com\/en\/product\/microdermoabrasion\/#primaryimage"},"image":{"@id":"https:\/\/biomedikgroup.com\/en\/product\/microdermoabrasion\/#primaryimage"},"thumbnailUrl":"https:\/\/biomedikgroup.com\/wp-content\/uploads\/2021\/05\/Equipo-de-Microdermoabrasion-con-puntas-de-diamante-F-834-1.jpg","datePublished":"2021-05-11T03:40:47+00:00","dateModified":"2021-05-14T02:32:02+00:00","description":"Equipo de Microdermoabrasi\u00f3n con puntas de diamante para el cuidado facial, ideal para tratamiento dermatol\u00f3gicos y est\u00e9ticos.","breadcrumb":{"@id":"https:\/\/biomedikgroup.com\/en\/product\/microdermoabrasion\/#breadcrumb"},"inLanguage":"en-US","potentialAction":[{"@type":"ReadAction","target":["https:\/\/biomedikgroup.com\/en\/product\/microdermoabrasion\/"]}]},{"@type":"ImageObject","inLanguage":"en-US","@id":"https:\/\/biomedikgroup.com\/en\/product\/microdermoabrasion\/#primaryimage","url":"https:\/\/biomedikgroup.com\/wp-content\/uploads\/2021\/05\/Equipo-de-Microdermoabrasion-con-puntas-de-diamante-F-834-1.jpg","contentUrl":"https:\/\/biomedikgroup.com\/wp-content\/uploads\/2021\/05\/Equipo-de-Microdermoabrasion-con-puntas-de-diamante-F-834-1.jpg","width":1153,"height":877},{"@type":"BreadcrumbList","@id":"https:\/\/biomedikgroup.com\/en\/product\/microdermoabrasion\/#breadcrumb","itemListElement":[{"@type":"ListItem","position":1,"name":"Portada","item":"https:\/\/biomedikgroup.com\/"},{"@type":"ListItem","position":2,"name":"Products","item":"https:\/\/biomedikgroup.com\/en\/shop\/"},{"@type":"ListItem","position":3,"name":"Microdermoabrasi\u00f3n"}]},{"@type":"WebSite","@id":"https:\/\/biomedikgroup.com\/#website","url":"https:\/\/biomedikgroup.com\/","name":"Biomedik Group","description":"Biomedik Group","publisher":{"@id":"https:\/\/biomedikgroup.com\/#organization"},"potentialAction":[{"@type":"SearchAction","target":{"@type":"EntryPoint","urlTemplate":"https:\/\/biomedikgroup.com\/?s={search_term_string}"},"query-input":{"@type":"PropertyValueSpecification","valueRequired":true,"valueName":"search_term_string"}}],"inLanguage":"en-US"},{"@type":"Organization","@id":"https:\/\/biomedikgroup.com\/#organization","name":"Biomedik","url":"https:\/\/biomedikgroup.com\/","logo":{"@type":"ImageObject","inLanguage":"en-US","@id":"https:\/\/biomedikgroup.com\/#\/schema\/logo\/image\/","url":"https:\/\/biomedikgroup.com\/wp-content\/uploads\/2021\/03\/Biomedik-logo-azul-scaled.jpg","contentUrl":"https:\/\/biomedikgroup.com\/wp-content\/uploads\/2021\/03\/Biomedik-logo-azul-scaled.jpg","width":2560,"height":872,"caption":"Biomedik"},"image":{"@id":"https:\/\/biomedikgroup.com\/#\/schema\/logo\/image\/"},"sameAs":["https:\/\/www.facebook.com\/BiomedikGroup","https:\/\/www.instagram.com\/biomedikgroup\/?hl=es","https:\/\/www.youtube.com\/channel\/UCc8q_4JUqxzCVlHqmbyUUSg"]}]}},"_links":{"self":[{"href":"https:\/\/biomedikgroup.com\/en\/wp-json\/wp\/v2\/product\/4227"}],"collection":[{"href":"https:\/\/biomedikgroup.com\/en\/wp-json\/wp\/v2\/product"}],"about":[{"href":"https:\/\/biomedikgroup.com\/en\/wp-json\/wp\/v2\/types\/product"}],"wp:featuredmedia":[{"embeddable":true,"href":"https:\/\/biomedikgroup.com\/en\/wp-json\/wp\/v2\/media\/4231"}],"wp:attachment":[{"href":"https:\/\/biomedikgroup.com\/en\/wp-json\/wp\/v2\/media?parent=4227"}],"wp:term":[{"taxonomy":"product_cat","embeddable":true,"href":"https:\/\/biomedikgroup.com\/en\/wp-json\/wp\/v2\/product_cat?post=4227"},{"taxonomy":"product_tag","embeddable":true,"href":"https:\/\/biomedikgroup.com\/en\/wp-json\/wp\/v2\/product_tag?post=4227"}],"curies":[{"name":"wp","href":"https:\/\/api.w.org\/{rel}","templated":true}]}}