{"id":4239,"date":"2021-05-11T23:06:18","date_gmt":"2021-05-11T23:06:18","guid":{"rendered":"https:\/\/biomedikgroup.com\/?post_type=product&#038;p=4239"},"modified":"2021-05-13T23:55:22","modified_gmt":"2021-05-13T23:55:22","slug":"corrientes-rusas","status":"publish","type":"product","link":"https:\/\/biomedikgroup.com\/en\/product\/corrientes-rusas\/","title":{"rendered":"Corrientes Rusas"},"content":{"rendered":"","protected":false},"excerpt":{"rendered":"<p>Las corrientes rusas son una t\u00e9cnica ideal y muy utilizado para modelar la silueta de tus pacientes tonificando su masa muscular, ya sea como tratamiento \u00fanico o bien complementando el tratamiento con otras terapias.<\/p>\n<p>Los equipos de corrientes rusas generan impulsos el\u00e9ctricos en trenes de frecuencia media (2500 Hz de frecuencia portadora), moduladas con se\u00f1ales de baja frecuencia (10 a 100 Hz), que generan est\u00edmulos el\u00e9ctricos uniformes, con alto reclutamiento de fibras musculares y mantenidos en un lapso de tiempo lo cual las convierte en una herramienta mas eficiente que las electroestimulaciones convencionales. Se emplean tanto en fisioterapia como en medicina est\u00e9tica.<\/p>\n<p>El equipo de corrientes rusas dispone de una pantalla digital t\u00e1ctil de 8 pulgadas y est\u00e1 dotado de 10 salidas para conectar los tres tipos de electrodos autoadhesivos que se suministran con el equipo. Los electrodos se sujetan al cable mediante sistema de clic.<\/p>\n<p>El equipo incluye 30 parejas de electrodos de diferentes tama\u00f1os:<\/p>\n<p><strong>Forma circular<\/strong>\u00a0(di\u00e1metro 4 cm) indicados para los tratamientos de tonificaci\u00f3n, sobre todo facial.<br \/>\n<strong>Forma de 8<\/strong>\u00a0(8,5cm x 4,5cm) para zonas de mayor superficie: espalda, muslos, caderas, cintura y abdomen.<br \/>\n<strong>Forma ovalada<\/strong>\u00a0(7,7cm x 4,4cm) para zonas de superficie peque\u00f1a.<\/p>\n<p>El equipo de corrientes rusas viene con muchos programas pre-establecidos los cuales se agrupan bajo tres grandes grupos: <strong>mejora del tono muscular<\/strong>,\u00a0<strong>adelgazamiento\u00a0<\/strong>y\u00a0<strong>masaje muscular<\/strong>\u00a0<strong>y<\/strong>\u00a0<strong>tratamiento corporal<\/strong>.<br \/>\nCada uno de estos tres grupos ofrece programas espec\u00edficos, seg\u00fan la zona o el efecto que se desee alcanzar con el tratamiento:<\/p>\n<p><strong>Mejora del tono muscular<\/strong><\/p>\n<p>\u2022Programa Pecho<br \/>\n\u2022Programa Abdomen<br \/>\n\u2022Programa Hombros y brazos<br \/>\n\u2022Programa Antebrazos<br \/>\n\u2022Programa Espalda<br \/>\n\u2022Programa Muslos<br \/>\n\u2022Programa Pantorrillas<\/p>\n<p><strong>Adelgazamiento<\/strong><\/p>\n<p>\u2022Aumento de volumen de senos<br \/>\n\u2022Elevaci\u00f3n de los senos<br \/>\n\u2022Reducci\u00f3n de cintura y abdomen<br \/>\n\u2022Reducci\u00f3n de caderas<br \/>\n\u2022Adelgazamiento de los muslos<br \/>\n\u2022Adelgazamiento de pantorrillas<br \/>\n\u2022Adelgazamiento de los brazos<br \/>\n\u2022Tonificaci\u00f3n de la espalda<br \/>\n\u2022 Tonificaci\u00f3n facial<\/p>\n<p><strong>Masaje muscular y tratamiento corporal<\/strong><\/p>\n<p>\u2022Drenaje linf\u00e1tico de cuerpo entero<br \/>\n\u2022Drenaje linf\u00e1tico parte inferior<br \/>\n\u2022Tejido areolar y abdomen<br \/>\n\u2022Mejora resistencia tejido areolar y eliminaci\u00f3n de toxinas<br \/>\n\u2022Drenaje pectoral<br \/>\n\u2022Masaje brazos y hombros<\/p>","protected":false},"featured_media":4243,"template":"","meta":{"site-sidebar-layout":"default","site-content-layout":"default","ast-site-content-layout":"default","site-content-style":"default","site-sidebar-style":"default","ast-global-header-display":"","ast-banner-title-visibility":"","ast-main-header-display":"","ast-hfb-above-header-display":"","ast-hfb-below-header-display":"","ast-hfb-mobile-header-display":"","site-post-title":"","ast-breadcrumbs-content":"","ast-featured-img":"","footer-sml-layout":"","ast-disable-related-posts":"","theme-transparent-header-meta":"default","adv-header-id-meta":"","stick-header-meta":"","header-above-stick-meta":"","header-main-stick-meta":"","header-below-stick-meta":"","astra-migrate-meta-layouts":"default","ast-page-background-enabled":"default","ast-page-background-meta":{"desktop":{"background-color":"","background-image":"","background-repeat":"repeat","background-position":"center center","background-size":"auto","background-attachment":"scroll","background-type":"","background-media":"","overlay-type":"","overlay-color":"","overlay-opacity":"","overlay-gradient":""},"tablet":{"background-color":"","background-image":"","background-repeat":"repeat","background-position":"center center","background-size":"auto","background-attachment":"scroll","background-type":"","background-media":"","overlay-type":"","overlay-color":"","overlay-opacity":"","overlay-gradient":""},"mobile":{"background-color":"","background-image":"","background-repeat":"repeat","background-position":"center center","background-size":"auto","background-attachment":"scroll","background-type":"","background-media":"","overlay-type":"","overlay-color":"","overlay-opacity":"","overlay-gradient":""}},"ast-content-background-meta":{"desktop":{"background-color":"var(--ast-global-color-5)","background-image":"","background-repeat":"repeat","background-position":"center center","background-size":"auto","background-attachment":"scroll","background-type":"","background-media":"","overlay-type":"","overlay-color":"","overlay-opacity":"","overlay-gradient":""},"tablet":{"background-color":"var(--ast-global-color-5)","background-image":"","background-repeat":"repeat","background-position":"center center","background-size":"auto","background-attachment":"scroll","background-type":"","background-media":"","overlay-type":"","overlay-color":"","overlay-opacity":"","overlay-gradient":""},"mobile":{"background-color":"var(--ast-global-color-5)","background-image":"","background-repeat":"repeat","background-position":"center center","background-size":"auto","background-attachment":"scroll","background-type":"","background-media":"","overlay-type":"","overlay-color":"","overlay-opacity":"","overlay-gradient":""}},"_joinchat":[]},"product_cat":[23],"product_tag":[],"yoast_head":"<!-- This site is optimized with the Yoast SEO plugin v23.5 - https:\/\/yoast.com\/wordpress\/plugins\/seo\/ -->\n<title>Equipo de corrientes rusas para tonificaci\u00f3n muscular<\/title>\n<meta name=\"description\" content=\"Equipo profesional de corrientes rusas ideal para tratamientos de moldeamiento corporal y tonificaci\u00f3n muscular.\" \/>\n<meta name=\"robots\" content=\"index, follow, max-snippet:-1, max-image-preview:large, max-video-preview:-1\" \/>\n<link rel=\"canonical\" href=\"https:\/\/biomedikgroup.com\/en\/product\/corrientes-rusas\/\" \/>\n<meta property=\"og:locale\" content=\"en_US\" \/>\n<meta property=\"og:type\" content=\"article\" \/>\n<meta property=\"og:title\" content=\"Equipo de corrientes rusas para tonificaci\u00f3n muscular\" \/>\n<meta property=\"og:description\" content=\"Equipo profesional de corrientes rusas ideal para tratamientos de moldeamiento corporal y tonificaci\u00f3n muscular.\" \/>\n<meta property=\"og:url\" content=\"https:\/\/biomedikgroup.com\/en\/product\/corrientes-rusas\/\" \/>\n<meta property=\"og:site_name\" content=\"Biomedik Group\" \/>\n<meta property=\"article:publisher\" content=\"https:\/\/www.facebook.com\/BiomedikGroup\" \/>\n<meta property=\"article:modified_time\" content=\"2021-05-13T23:55:22+00:00\" \/>\n<meta property=\"og:image\" content=\"https:\/\/biomedikgroup.com\/wp-content\/uploads\/2021\/05\/corrientes-rusas_1-1.jpg\" \/>\n\t<meta property=\"og:image:width\" content=\"586\" \/>\n\t<meta property=\"og:image:height\" content=\"559\" \/>\n\t<meta property=\"og:image:type\" content=\"image\/jpeg\" \/>\n<meta name=\"twitter:card\" content=\"summary_large_image\" \/>\n<script type=\"application\/ld+json\" class=\"yoast-schema-graph\">{\"@context\":\"https:\/\/schema.org\",\"@graph\":[{\"@type\":\"WebPage\",\"@id\":\"https:\/\/biomedikgroup.com\/en\/product\/corrientes-rusas\/\",\"url\":\"https:\/\/biomedikgroup.com\/en\/product\/corrientes-rusas\/\",\"name\":\"Equipo de corrientes rusas para tonificaci\u00f3n muscular\",\"isPartOf\":{\"@id\":\"https:\/\/biomedikgroup.com\/#website\"},\"primaryImageOfPage\":{\"@id\":\"https:\/\/biomedikgroup.com\/en\/product\/corrientes-rusas\/#primaryimage\"},\"image\":{\"@id\":\"https:\/\/biomedikgroup.com\/en\/product\/corrientes-rusas\/#primaryimage\"},\"thumbnailUrl\":\"https:\/\/biomedikgroup.com\/wp-content\/uploads\/2021\/05\/corrientes-rusas_1-1.jpg\",\"datePublished\":\"2021-05-11T23:06:18+00:00\",\"dateModified\":\"2021-05-13T23:55:22+00:00\",\"description\":\"Equipo profesional de corrientes rusas ideal para tratamientos de moldeamiento corporal y tonificaci\u00f3n muscular.\",\"breadcrumb\":{\"@id\":\"https:\/\/biomedikgroup.com\/en\/product\/corrientes-rusas\/#breadcrumb\"},\"inLanguage\":\"en-US\",\"potentialAction\":[{\"@type\":\"ReadAction\",\"target\":[\"https:\/\/biomedikgroup.com\/en\/product\/corrientes-rusas\/\"]}]},{\"@type\":\"ImageObject\",\"inLanguage\":\"en-US\",\"@id\":\"https:\/\/biomedikgroup.com\/en\/product\/corrientes-rusas\/#primaryimage\",\"url\":\"https:\/\/biomedikgroup.com\/wp-content\/uploads\/2021\/05\/corrientes-rusas_1-1.jpg\",\"contentUrl\":\"https:\/\/biomedikgroup.com\/wp-content\/uploads\/2021\/05\/corrientes-rusas_1-1.jpg\",\"width\":586,\"height\":559},{\"@type\":\"BreadcrumbList\",\"@id\":\"https:\/\/biomedikgroup.com\/en\/product\/corrientes-rusas\/#breadcrumb\",\"itemListElement\":[{\"@type\":\"ListItem\",\"position\":1,\"name\":\"Portada\",\"item\":\"https:\/\/biomedikgroup.com\/\"},{\"@type\":\"ListItem\",\"position\":2,\"name\":\"Products\",\"item\":\"https:\/\/biomedikgroup.com\/en\/shop\/\"},{\"@type\":\"ListItem\",\"position\":3,\"name\":\"Corrientes Rusas\"}]},{\"@type\":\"WebSite\",\"@id\":\"https:\/\/biomedikgroup.com\/#website\",\"url\":\"https:\/\/biomedikgroup.com\/\",\"name\":\"Biomedik Group\",\"description\":\"Biomedik Group\",\"publisher\":{\"@id\":\"https:\/\/biomedikgroup.com\/#organization\"},\"potentialAction\":[{\"@type\":\"SearchAction\",\"target\":{\"@type\":\"EntryPoint\",\"urlTemplate\":\"https:\/\/biomedikgroup.com\/?s={search_term_string}\"},\"query-input\":{\"@type\":\"PropertyValueSpecification\",\"valueRequired\":true,\"valueName\":\"search_term_string\"}}],\"inLanguage\":\"en-US\"},{\"@type\":\"Organization\",\"@id\":\"https:\/\/biomedikgroup.com\/#organization\",\"name\":\"Biomedik\",\"url\":\"https:\/\/biomedikgroup.com\/\",\"logo\":{\"@type\":\"ImageObject\",\"inLanguage\":\"en-US\",\"@id\":\"https:\/\/biomedikgroup.com\/#\/schema\/logo\/image\/\",\"url\":\"https:\/\/biomedikgroup.com\/wp-content\/uploads\/2021\/03\/Biomedik-logo-azul-scaled.jpg\",\"contentUrl\":\"https:\/\/biomedikgroup.com\/wp-content\/uploads\/2021\/03\/Biomedik-logo-azul-scaled.jpg\",\"width\":2560,\"height\":872,\"caption\":\"Biomedik\"},\"image\":{\"@id\":\"https:\/\/biomedikgroup.com\/#\/schema\/logo\/image\/\"},\"sameAs\":[\"https:\/\/www.facebook.com\/BiomedikGroup\",\"https:\/\/www.instagram.com\/biomedikgroup\/?hl=es\",\"https:\/\/www.youtube.com\/channel\/UCc8q_4JUqxzCVlHqmbyUUSg\"]}]}<\/script>\n<!-- \/ Yoast SEO plugin. -->","yoast_head_json":{"title":"Equipo de corrientes rusas para tonificaci\u00f3n muscular","description":"Equipo profesional de corrientes rusas ideal para tratamientos de moldeamiento corporal y tonificaci\u00f3n muscular.","robots":{"index":"index","follow":"follow","max-snippet":"max-snippet:-1","max-image-preview":"max-image-preview:large","max-video-preview":"max-video-preview:-1"},"canonical":"https:\/\/biomedikgroup.com\/en\/product\/corrientes-rusas\/","og_locale":"en_US","og_type":"article","og_title":"Equipo de corrientes rusas para tonificaci\u00f3n muscular","og_description":"Equipo profesional de corrientes rusas ideal para tratamientos de moldeamiento corporal y tonificaci\u00f3n muscular.","og_url":"https:\/\/biomedikgroup.com\/en\/product\/corrientes-rusas\/","og_site_name":"Biomedik Group","article_publisher":"https:\/\/www.facebook.com\/BiomedikGroup","article_modified_time":"2021-05-13T23:55:22+00:00","og_image":[{"width":586,"height":559,"url":"https:\/\/biomedikgroup.com\/wp-content\/uploads\/2021\/05\/corrientes-rusas_1-1.jpg","type":"image\/jpeg"}],"twitter_card":"summary_large_image","schema":{"@context":"https:\/\/schema.org","@graph":[{"@type":"WebPage","@id":"https:\/\/biomedikgroup.com\/en\/product\/corrientes-rusas\/","url":"https:\/\/biomedikgroup.com\/en\/product\/corrientes-rusas\/","name":"Equipo de corrientes rusas para tonificaci\u00f3n muscular","isPartOf":{"@id":"https:\/\/biomedikgroup.com\/#website"},"primaryImageOfPage":{"@id":"https:\/\/biomedikgroup.com\/en\/product\/corrientes-rusas\/#primaryimage"},"image":{"@id":"https:\/\/biomedikgroup.com\/en\/product\/corrientes-rusas\/#primaryimage"},"thumbnailUrl":"https:\/\/biomedikgroup.com\/wp-content\/uploads\/2021\/05\/corrientes-rusas_1-1.jpg","datePublished":"2021-05-11T23:06:18+00:00","dateModified":"2021-05-13T23:55:22+00:00","description":"Equipo profesional de corrientes rusas ideal para tratamientos de moldeamiento corporal y tonificaci\u00f3n muscular.","breadcrumb":{"@id":"https:\/\/biomedikgroup.com\/en\/product\/corrientes-rusas\/#breadcrumb"},"inLanguage":"en-US","potentialAction":[{"@type":"ReadAction","target":["https:\/\/biomedikgroup.com\/en\/product\/corrientes-rusas\/"]}]},{"@type":"ImageObject","inLanguage":"en-US","@id":"https:\/\/biomedikgroup.com\/en\/product\/corrientes-rusas\/#primaryimage","url":"https:\/\/biomedikgroup.com\/wp-content\/uploads\/2021\/05\/corrientes-rusas_1-1.jpg","contentUrl":"https:\/\/biomedikgroup.com\/wp-content\/uploads\/2021\/05\/corrientes-rusas_1-1.jpg","width":586,"height":559},{"@type":"BreadcrumbList","@id":"https:\/\/biomedikgroup.com\/en\/product\/corrientes-rusas\/#breadcrumb","itemListElement":[{"@type":"ListItem","position":1,"name":"Portada","item":"https:\/\/biomedikgroup.com\/"},{"@type":"ListItem","position":2,"name":"Products","item":"https:\/\/biomedikgroup.com\/en\/shop\/"},{"@type":"ListItem","position":3,"name":"Corrientes Rusas"}]},{"@type":"WebSite","@id":"https:\/\/biomedikgroup.com\/#website","url":"https:\/\/biomedikgroup.com\/","name":"Biomedik Group","description":"Biomedik Group","publisher":{"@id":"https:\/\/biomedikgroup.com\/#organization"},"potentialAction":[{"@type":"SearchAction","target":{"@type":"EntryPoint","urlTemplate":"https:\/\/biomedikgroup.com\/?s={search_term_string}"},"query-input":{"@type":"PropertyValueSpecification","valueRequired":true,"valueName":"search_term_string"}}],"inLanguage":"en-US"},{"@type":"Organization","@id":"https:\/\/biomedikgroup.com\/#organization","name":"Biomedik","url":"https:\/\/biomedikgroup.com\/","logo":{"@type":"ImageObject","inLanguage":"en-US","@id":"https:\/\/biomedikgroup.com\/#\/schema\/logo\/image\/","url":"https:\/\/biomedikgroup.com\/wp-content\/uploads\/2021\/03\/Biomedik-logo-azul-scaled.jpg","contentUrl":"https:\/\/biomedikgroup.com\/wp-content\/uploads\/2021\/03\/Biomedik-logo-azul-scaled.jpg","width":2560,"height":872,"caption":"Biomedik"},"image":{"@id":"https:\/\/biomedikgroup.com\/#\/schema\/logo\/image\/"},"sameAs":["https:\/\/www.facebook.com\/BiomedikGroup","https:\/\/www.instagram.com\/biomedikgroup\/?hl=es","https:\/\/www.youtube.com\/channel\/UCc8q_4JUqxzCVlHqmbyUUSg"]}]}},"_links":{"self":[{"href":"https:\/\/biomedikgroup.com\/en\/wp-json\/wp\/v2\/product\/4239"}],"collection":[{"href":"https:\/\/biomedikgroup.com\/en\/wp-json\/wp\/v2\/product"}],"about":[{"href":"https:\/\/biomedikgroup.com\/en\/wp-json\/wp\/v2\/types\/product"}],"wp:featuredmedia":[{"embeddable":true,"href":"https:\/\/biomedikgroup.com\/en\/wp-json\/wp\/v2\/media\/4243"}],"wp:attachment":[{"href":"https:\/\/biomedikgroup.com\/en\/wp-json\/wp\/v2\/media?parent=4239"}],"wp:term":[{"taxonomy":"product_cat","embeddable":true,"href":"https:\/\/biomedikgroup.com\/en\/wp-json\/wp\/v2\/product_cat?post=4239"},{"taxonomy":"product_tag","embeddable":true,"href":"https:\/\/biomedikgroup.com\/en\/wp-json\/wp\/v2\/product_tag?post=4239"}],"curies":[{"name":"wp","href":"https:\/\/api.w.org\/{rel}","templated":true}]}}