{"id":4412,"date":"2022-08-30T19:43:48","date_gmt":"2022-08-30T19:43:48","guid":{"rendered":"https:\/\/biomedikgroup.com\/producto\/silla-medica-copy\/"},"modified":"2022-08-30T19:45:31","modified_gmt":"2022-08-30T19:45:31","slug":"taburete-medico","status":"publish","type":"product","link":"https:\/\/biomedikgroup.com\/en\/product\/taburete-medico\/","title":{"rendered":"Taburete M\u00e9dico"},"content":{"rendered":"","protected":false},"excerpt":{"rendered":"<p>Taburete de dise\u00f1o ergon\u00f3mico y elegante sin respaldo. Asiento plano y circular con altura regulable mediante pist\u00f3n de gas. Tapizado blanco en PU de alta calidad y base cromada.<\/p>","protected":false},"featured_media":4406,"template":"","meta":{"site-sidebar-layout":"default","site-content-layout":"default","ast-site-content-layout":"default","site-content-style":"default","site-sidebar-style":"default","ast-global-header-display":"","ast-banner-title-visibility":"","ast-main-header-display":"","ast-hfb-above-header-display":"","ast-hfb-below-header-display":"","ast-hfb-mobile-header-display":"","site-post-title":"","ast-breadcrumbs-content":"","ast-featured-img":"","footer-sml-layout":"","ast-disable-related-posts":"","theme-transparent-header-meta":"default","adv-header-id-meta":"","stick-header-meta":"","header-above-stick-meta":"","header-main-stick-meta":"","header-below-stick-meta":"","astra-migrate-meta-layouts":"default","ast-page-background-enabled":"default","ast-page-background-meta":{"desktop":{"background-color":"","background-image":"","background-repeat":"repeat","background-position":"center center","background-size":"auto","background-attachment":"scroll","background-type":"","background-media":"","overlay-type":"","overlay-color":"","overlay-opacity":"","overlay-gradient":""},"tablet":{"background-color":"","background-image":"","background-repeat":"repeat","background-position":"center center","background-size":"auto","background-attachment":"scroll","background-type":"","background-media":"","overlay-type":"","overlay-color":"","overlay-opacity":"","overlay-gradient":""},"mobile":{"background-color":"","background-image":"","background-repeat":"repeat","background-position":"center center","background-size":"auto","background-attachment":"scroll","background-type":"","background-media":"","overlay-type":"","overlay-color":"","overlay-opacity":"","overlay-gradient":""}},"ast-content-background-meta":{"desktop":{"background-color":"var(--ast-global-color-5)","background-image":"","background-repeat":"repeat","background-position":"center center","background-size":"auto","background-attachment":"scroll","background-type":"","background-media":"","overlay-type":"","overlay-color":"","overlay-opacity":"","overlay-gradient":""},"tablet":{"background-color":"var(--ast-global-color-5)","background-image":"","background-repeat":"repeat","background-position":"center center","background-size":"auto","background-attachment":"scroll","background-type":"","background-media":"","overlay-type":"","overlay-color":"","overlay-opacity":"","overlay-gradient":""},"mobile":{"background-color":"var(--ast-global-color-5)","background-image":"","background-repeat":"repeat","background-position":"center center","background-size":"auto","background-attachment":"scroll","background-type":"","background-media":"","overlay-type":"","overlay-color":"","overlay-opacity":"","overlay-gradient":""}},"_joinchat":[]},"product_cat":[21],"product_tag":[],"yoast_head":"<!-- This site is optimized with the Yoast SEO plugin v23.5 - https:\/\/yoast.com\/wordpress\/plugins\/seo\/ -->\n<title>Taburete M\u00e9dico - Biomedik Group<\/title>\n<meta name=\"robots\" content=\"index, follow, max-snippet:-1, max-image-preview:large, max-video-preview:-1\" \/>\n<link rel=\"canonical\" href=\"https:\/\/biomedikgroup.com\/en\/product\/taburete-medico\/\" \/>\n<meta property=\"og:locale\" content=\"en_US\" \/>\n<meta property=\"og:type\" content=\"article\" \/>\n<meta property=\"og:title\" content=\"Taburete M\u00e9dico - Biomedik Group\" \/>\n<meta property=\"og:description\" content=\"Taburete de dise\u00f1o ergon\u00f3mico y elegante sin respaldo. Asiento plano y circular con altura regulable mediante pist\u00f3n de gas. Tapizado blanco en PU de alta calidad y base cromada.\" \/>\n<meta property=\"og:url\" content=\"https:\/\/biomedikgroup.com\/en\/product\/taburete-medico\/\" \/>\n<meta property=\"og:site_name\" content=\"Biomedik Group\" \/>\n<meta property=\"article:publisher\" content=\"https:\/\/www.facebook.com\/BiomedikGroup\" \/>\n<meta property=\"article:modified_time\" content=\"2022-08-30T19:45:31+00:00\" \/>\n<meta property=\"og:image\" content=\"https:\/\/biomedikgroup.com\/wp-content\/uploads\/2022\/08\/foto-taburete-sin-respaldar.jpg\" \/>\n\t<meta property=\"og:image:width\" content=\"250\" \/>\n\t<meta property=\"og:image:height\" content=\"270\" \/>\n\t<meta property=\"og:image:type\" content=\"image\/jpeg\" \/>\n<meta name=\"twitter:card\" content=\"summary_large_image\" \/>\n<script type=\"application\/ld+json\" class=\"yoast-schema-graph\">{\"@context\":\"https:\/\/schema.org\",\"@graph\":[{\"@type\":\"WebPage\",\"@id\":\"https:\/\/biomedikgroup.com\/producto\/taburete-medico\/\",\"url\":\"https:\/\/biomedikgroup.com\/producto\/taburete-medico\/\",\"name\":\"Taburete M\u00e9dico - Biomedik Group\",\"isPartOf\":{\"@id\":\"https:\/\/biomedikgroup.com\/#website\"},\"primaryImageOfPage\":{\"@id\":\"https:\/\/biomedikgroup.com\/producto\/taburete-medico\/#primaryimage\"},\"image\":{\"@id\":\"https:\/\/biomedikgroup.com\/producto\/taburete-medico\/#primaryimage\"},\"thumbnailUrl\":\"https:\/\/biomedikgroup.com\/wp-content\/uploads\/2022\/08\/foto-taburete-sin-respaldar.jpg\",\"datePublished\":\"2022-08-30T19:43:48+00:00\",\"dateModified\":\"2022-08-30T19:45:31+00:00\",\"breadcrumb\":{\"@id\":\"https:\/\/biomedikgroup.com\/producto\/taburete-medico\/#breadcrumb\"},\"inLanguage\":\"en-US\",\"potentialAction\":[{\"@type\":\"ReadAction\",\"target\":[\"https:\/\/biomedikgroup.com\/producto\/taburete-medico\/\"]}]},{\"@type\":\"ImageObject\",\"inLanguage\":\"en-US\",\"@id\":\"https:\/\/biomedikgroup.com\/producto\/taburete-medico\/#primaryimage\",\"url\":\"https:\/\/biomedikgroup.com\/wp-content\/uploads\/2022\/08\/foto-taburete-sin-respaldar.jpg\",\"contentUrl\":\"https:\/\/biomedikgroup.com\/wp-content\/uploads\/2022\/08\/foto-taburete-sin-respaldar.jpg\",\"width\":250,\"height\":270},{\"@type\":\"BreadcrumbList\",\"@id\":\"https:\/\/biomedikgroup.com\/producto\/taburete-medico\/#breadcrumb\",\"itemListElement\":[{\"@type\":\"ListItem\",\"position\":1,\"name\":\"Portada\",\"item\":\"https:\/\/biomedikgroup.com\/\"},{\"@type\":\"ListItem\",\"position\":2,\"name\":\"Products\",\"item\":\"https:\/\/biomedikgroup.com\/en\/shop\/\"},{\"@type\":\"ListItem\",\"position\":3,\"name\":\"Taburete M\u00e9dico\"}]},{\"@type\":\"WebSite\",\"@id\":\"https:\/\/biomedikgroup.com\/#website\",\"url\":\"https:\/\/biomedikgroup.com\/\",\"name\":\"Biomedik Group\",\"description\":\"Biomedik Group\",\"publisher\":{\"@id\":\"https:\/\/biomedikgroup.com\/#organization\"},\"potentialAction\":[{\"@type\":\"SearchAction\",\"target\":{\"@type\":\"EntryPoint\",\"urlTemplate\":\"https:\/\/biomedikgroup.com\/?s={search_term_string}\"},\"query-input\":{\"@type\":\"PropertyValueSpecification\",\"valueRequired\":true,\"valueName\":\"search_term_string\"}}],\"inLanguage\":\"en-US\"},{\"@type\":\"Organization\",\"@id\":\"https:\/\/biomedikgroup.com\/#organization\",\"name\":\"Biomedik\",\"url\":\"https:\/\/biomedikgroup.com\/\",\"logo\":{\"@type\":\"ImageObject\",\"inLanguage\":\"en-US\",\"@id\":\"https:\/\/biomedikgroup.com\/#\/schema\/logo\/image\/\",\"url\":\"https:\/\/biomedikgroup.com\/wp-content\/uploads\/2021\/03\/Biomedik-logo-azul-scaled.jpg\",\"contentUrl\":\"https:\/\/biomedikgroup.com\/wp-content\/uploads\/2021\/03\/Biomedik-logo-azul-scaled.jpg\",\"width\":2560,\"height\":872,\"caption\":\"Biomedik\"},\"image\":{\"@id\":\"https:\/\/biomedikgroup.com\/#\/schema\/logo\/image\/\"},\"sameAs\":[\"https:\/\/www.facebook.com\/BiomedikGroup\",\"https:\/\/www.instagram.com\/biomedikgroup\/?hl=es\",\"https:\/\/www.youtube.com\/channel\/UCc8q_4JUqxzCVlHqmbyUUSg\"]}]}<\/script>\n<!-- \/ Yoast SEO plugin. -->","yoast_head_json":{"title":"Taburete M\u00e9dico - Biomedik Group","robots":{"index":"index","follow":"follow","max-snippet":"max-snippet:-1","max-image-preview":"max-image-preview:large","max-video-preview":"max-video-preview:-1"},"canonical":"https:\/\/biomedikgroup.com\/en\/product\/taburete-medico\/","og_locale":"en_US","og_type":"article","og_title":"Taburete M\u00e9dico - Biomedik Group","og_description":"Taburete de dise\u00f1o ergon\u00f3mico y elegante sin respaldo. Asiento plano y circular con altura regulable mediante pist\u00f3n de gas. Tapizado blanco en PU de alta calidad y base cromada.","og_url":"https:\/\/biomedikgroup.com\/en\/product\/taburete-medico\/","og_site_name":"Biomedik Group","article_publisher":"https:\/\/www.facebook.com\/BiomedikGroup","article_modified_time":"2022-08-30T19:45:31+00:00","og_image":[{"width":250,"height":270,"url":"https:\/\/biomedikgroup.com\/wp-content\/uploads\/2022\/08\/foto-taburete-sin-respaldar.jpg","type":"image\/jpeg"}],"twitter_card":"summary_large_image","schema":{"@context":"https:\/\/schema.org","@graph":[{"@type":"WebPage","@id":"https:\/\/biomedikgroup.com\/producto\/taburete-medico\/","url":"https:\/\/biomedikgroup.com\/producto\/taburete-medico\/","name":"Taburete M\u00e9dico - Biomedik Group","isPartOf":{"@id":"https:\/\/biomedikgroup.com\/#website"},"primaryImageOfPage":{"@id":"https:\/\/biomedikgroup.com\/producto\/taburete-medico\/#primaryimage"},"image":{"@id":"https:\/\/biomedikgroup.com\/producto\/taburete-medico\/#primaryimage"},"thumbnailUrl":"https:\/\/biomedikgroup.com\/wp-content\/uploads\/2022\/08\/foto-taburete-sin-respaldar.jpg","datePublished":"2022-08-30T19:43:48+00:00","dateModified":"2022-08-30T19:45:31+00:00","breadcrumb":{"@id":"https:\/\/biomedikgroup.com\/producto\/taburete-medico\/#breadcrumb"},"inLanguage":"en-US","potentialAction":[{"@type":"ReadAction","target":["https:\/\/biomedikgroup.com\/producto\/taburete-medico\/"]}]},{"@type":"ImageObject","inLanguage":"en-US","@id":"https:\/\/biomedikgroup.com\/producto\/taburete-medico\/#primaryimage","url":"https:\/\/biomedikgroup.com\/wp-content\/uploads\/2022\/08\/foto-taburete-sin-respaldar.jpg","contentUrl":"https:\/\/biomedikgroup.com\/wp-content\/uploads\/2022\/08\/foto-taburete-sin-respaldar.jpg","width":250,"height":270},{"@type":"BreadcrumbList","@id":"https:\/\/biomedikgroup.com\/producto\/taburete-medico\/#breadcrumb","itemListElement":[{"@type":"ListItem","position":1,"name":"Portada","item":"https:\/\/biomedikgroup.com\/"},{"@type":"ListItem","position":2,"name":"Products","item":"https:\/\/biomedikgroup.com\/en\/shop\/"},{"@type":"ListItem","position":3,"name":"Taburete M\u00e9dico"}]},{"@type":"WebSite","@id":"https:\/\/biomedikgroup.com\/#website","url":"https:\/\/biomedikgroup.com\/","name":"Biomedik Group","description":"Biomedik Group","publisher":{"@id":"https:\/\/biomedikgroup.com\/#organization"},"potentialAction":[{"@type":"SearchAction","target":{"@type":"EntryPoint","urlTemplate":"https:\/\/biomedikgroup.com\/?s={search_term_string}"},"query-input":{"@type":"PropertyValueSpecification","valueRequired":true,"valueName":"search_term_string"}}],"inLanguage":"en-US"},{"@type":"Organization","@id":"https:\/\/biomedikgroup.com\/#organization","name":"Biomedik","url":"https:\/\/biomedikgroup.com\/","logo":{"@type":"ImageObject","inLanguage":"en-US","@id":"https:\/\/biomedikgroup.com\/#\/schema\/logo\/image\/","url":"https:\/\/biomedikgroup.com\/wp-content\/uploads\/2021\/03\/Biomedik-logo-azul-scaled.jpg","contentUrl":"https:\/\/biomedikgroup.com\/wp-content\/uploads\/2021\/03\/Biomedik-logo-azul-scaled.jpg","width":2560,"height":872,"caption":"Biomedik"},"image":{"@id":"https:\/\/biomedikgroup.com\/#\/schema\/logo\/image\/"},"sameAs":["https:\/\/www.facebook.com\/BiomedikGroup","https:\/\/www.instagram.com\/biomedikgroup\/?hl=es","https:\/\/www.youtube.com\/channel\/UCc8q_4JUqxzCVlHqmbyUUSg"]}]}},"_links":{"self":[{"href":"https:\/\/biomedikgroup.com\/en\/wp-json\/wp\/v2\/product\/4412"}],"collection":[{"href":"https:\/\/biomedikgroup.com\/en\/wp-json\/wp\/v2\/product"}],"about":[{"href":"https:\/\/biomedikgroup.com\/en\/wp-json\/wp\/v2\/types\/product"}],"wp:featuredmedia":[{"embeddable":true,"href":"https:\/\/biomedikgroup.com\/en\/wp-json\/wp\/v2\/media\/4406"}],"wp:attachment":[{"href":"https:\/\/biomedikgroup.com\/en\/wp-json\/wp\/v2\/media?parent=4412"}],"wp:term":[{"taxonomy":"product_cat","embeddable":true,"href":"https:\/\/biomedikgroup.com\/en\/wp-json\/wp\/v2\/product_cat?post=4412"},{"taxonomy":"product_tag","embeddable":true,"href":"https:\/\/biomedikgroup.com\/en\/wp-json\/wp\/v2\/product_tag?post=4412"}],"curies":[{"name":"wp","href":"https:\/\/api.w.org\/{rel}","templated":true}]}}